{"id":3,"date":"2022-05-12T09:47:06","date_gmt":"2022-05-12T12:47:06","guid":{"rendered":"https:\/\/templo-do-budismo-online.com\/?page_id=3"},"modified":"2024-02-21T09:54:59","modified_gmt":"2024-02-21T12:54:59","slug":"politica-de-privacidade","status":"publish","type":"page","link":"https:\/\/templo-do-budismo-online.com\/pt_br\/politica-de-privacidade\/","title":{"rendered":"Pol\u00edtica de privacidade"},"content":{"rendered":"<div class=\"wpb-content-wrapper\">\n<div class=\"vc_row wpb_row vc_row-fluid\">\n\t\t<div class=\"wpb_column vc_column_container vc_col-sm-12\"><div class=\"vc_column-inner\"><div class=\"wpb_wrapper\">\n\t<div class=\"wpb_text_column wpb_content_element\" >\n\t\t<div class=\"wpb_wrapper\">\n\t\t\t<h2 class=\"wp-block-heading\"><strong><span style=\"color: #f9529a; font-size: 24pt;\">Quem somos<\/span><\/strong><\/h2>\n<p><span style=\"font-size: 14pt;\">Templo do Budismo Online<\/span><br \/><span style=\"font-size: 14pt;\">O endere\u00e7o do nosso site \u00e9: <a href=\"https:\/\/templo-do-budismo-online.com\/pt_br\/\">https:\/\/templo-do-budismo-online.com\/<\/a>.<\/span><\/p>\n<p>&nbsp;<\/p>\n<h2 class=\"wp-block-heading\"><span style=\"color: #f9529a;\"><br \/><span style=\"font-size: 24pt;\"><strong>Cookies<\/strong><\/span><\/span><\/h2>\n<p><span style=\"font-size: 14pt;\">Ao deixar um coment\u00e1rio no site, voc\u00ea poder\u00e1 optar por salvar seu nome, e-mail e site nos cookies. Isso visa seu conforto, assim voc\u00ea n\u00e3o precisar\u00e1 preencher seus dados novamente quando fizer outro coment\u00e1rio. Estes cookies duram um ano.<\/span><\/p>\n<p><span style=\"font-size: 14pt;\"><\/span><\/p>\n<p><span style=\"font-size: 14pt;\">Se voc\u00ea tem uma conta e acessa este site, um cookie tempor\u00e1rio ser\u00e1 criado para determinar se seu navegador aceita cookies. Ele n\u00e3o cont\u00e9m nenhum dado pessoal e ser\u00e1 descartado quando voc\u00ea fechar seu navegador.<\/span><\/p>\n<p><span style=\"font-size: 14pt;\"><\/span><\/p>\n<p><span style=\"font-size: 14pt;\">Quando voc\u00ea acessa sua conta no site, tamb\u00e9m criamos v\u00e1rios cookies para salvar os dados da sua conta e suas escolhas de exibi\u00e7\u00e3o de tela. Cookies de login s\u00e3o mantidos por dois dias e cookies de op\u00e7\u00f5es de tela por um ano. Se voc\u00ea selecionar &#8220;Lembrar-me&#8221;, seu acesso ser\u00e1 mantido por duas semanas. Se voc\u00ea se desconectar da sua conta, os cookies de login ser\u00e3o removidos.<\/span><\/p>\n<p><span style=\"font-size: 14pt;\"><\/span><\/p>\n<p><span style=\"font-size: 14pt;\">Se voc\u00ea editar ou publicar um artigo, um cookie adicional ser\u00e1 salvo no seu navegador. Este cookie n\u00e3o inclui nenhum dado pessoal e simplesmente indica o ID do post referente ao artigo que voc\u00ea acabou de editar. Ele expira depois de 1 dia.<\/span><\/p>\n<p>&nbsp;<\/p>\n<h2 class=\"wp-block-heading\"><span style=\"color: #f9529a;\"><br \/><span style=\"font-size: 24pt;\"><strong>Com quem compartilhamos seus dados<\/strong><\/span><\/span><\/h2>\n<p><span style=\"font-size: 14pt;\">Se voc\u00ea solicitar uma redefini\u00e7\u00e3o de senha, seu endere\u00e7o de IP ser\u00e1 inclu\u00eddo no e-mail de redefini\u00e7\u00e3o de senha.<\/span><\/p>\n<p>&nbsp;<\/p>\n<h2 class=\"wp-block-heading\"><span style=\"color: #f9529a;\"><br \/><span style=\"font-size: 24pt;\"><strong>Quais os seus direitos sobre seus dados<\/strong><\/span><\/span><\/h2>\n<p><span style=\"font-size: 14pt;\">Se voc\u00ea tiver uma conta neste site ou se tiver deixado coment\u00e1rios, pode solicitar um arquivo exportado dos dados pessoais que mantemos sobre voc\u00ea, inclusive quaisquer dados que nos tenha fornecido. Tamb\u00e9m pode solicitar que removamos qualquer dado pessoal que mantemos sobre voc\u00ea. Isto n\u00e3o inclui nenhuns dados que somos obrigados a manter para prop\u00f3sitos administrativos, legais ou de seguran\u00e7a.<\/span><\/p>\n<p>&nbsp;<\/p>\n<h2 class=\"wp-block-heading\"><span style=\"color: #f9529a;\"><br \/><span style=\"font-size: 24pt;\"><strong>Para onde enviamos seus dados<\/strong><\/span><\/span><\/h2>\n<p><span style=\"font-size: 14pt;\">Coment\u00e1rios de visitantes podem ser marcados por um servi\u00e7o autom\u00e1tico de detec\u00e7\u00e3o de spam.<\/span><\/p>\n\n\t\t<\/div>\n\t<\/div>\n<\/div><\/div><\/div><\/div>\n<\/div>","protected":false},"excerpt":{"rendered":"Gostaria que o maior n\u00famero de pessoas pudesse saber o significado da vida ensinado no Budismo atrav\u00e9s da aula online.\r\nE que todos possam alcan\u00e7ar a verdadeira felicidade e levar uma vida plena e alegre.","protected":false},"author":1,"featured_media":0,"parent":0,"menu_order":0,"comment_status":"closed","ping_status":"open","template":"","meta":{"footnotes":""},"class_list":["post-3","page","type-page","status-publish","hentry"],"_links":{"self":[{"href":"https:\/\/templo-do-budismo-online.com\/pt_br\/wp-json\/wp\/v2\/pages\/3","targetHints":{"allow":["GET"]}}],"collection":[{"href":"https:\/\/templo-do-budismo-online.com\/pt_br\/wp-json\/wp\/v2\/pages"}],"about":[{"href":"https:\/\/templo-do-budismo-online.com\/pt_br\/wp-json\/wp\/v2\/types\/page"}],"author":[{"embeddable":true,"href":"https:\/\/templo-do-budismo-online.com\/pt_br\/wp-json\/wp\/v2\/users\/1"}],"replies":[{"embeddable":true,"href":"https:\/\/templo-do-budismo-online.com\/pt_br\/wp-json\/wp\/v2\/comments?post=3"}],"version-history":[{"count":11,"href":"https:\/\/templo-do-budismo-online.com\/pt_br\/wp-json\/wp\/v2\/pages\/3\/revisions"}],"predecessor-version":[{"id":2547,"href":"https:\/\/templo-do-budismo-online.com\/pt_br\/wp-json\/wp\/v2\/pages\/3\/revisions\/2547"}],"wp:attachment":[{"href":"https:\/\/templo-do-budismo-online.com\/pt_br\/wp-json\/wp\/v2\/media?parent=3"}],"curies":[{"name":"wp","href":"https:\/\/api.w.org\/{rel}","templated":true}]}}