{"id":2771,"date":"2024-11-07T01:00:12","date_gmt":"2024-11-07T04:00:12","guid":{"rendered":"https:\/\/templo-do-budismo-online.com\/home\/livros\/budismo-a-mensagem-de-tannisho-%ef%bc%88%e8%a4%87%e8%a3%bd%ef%bc%89\/"},"modified":"2025-07-14T20:37:13","modified_gmt":"2025-07-14T23:37:13","slug":"o-proposito-da-vida","status":"publish","type":"page","link":"https:\/\/templo-do-budismo-online.com\/pt_br\/home\/livros\/o-proposito-da-vida\/","title":{"rendered":"O PROP\u00d3SITO DA VIDA"},"content":{"rendered":"<div class=\"wpb-content-wrapper\">\n<div class=\"vc_row wpb_row vc_row-fluid\">\n\t\t<div class=\"wpb_column vc_column_container vc_col-sm-6\"><div class=\"vc_column-inner\"><div class=\"wpb_wrapper\">\n\t<div  class=\"wpb_single_image wpb_content_element vc_align_left wpb_content_element\">\n\t\t\n\t\t<figure class=\"wpb_wrapper vc_figure\">\n\t\t\t<div class=\"vc_single_image-wrapper   vc_box_border_grey\"><img loading=\"lazy\" decoding=\"async\" width=\"780\" height=\"1126\" src=\"https:\/\/templo-do-budismo-online.com\/wp-content\/uploads\/2024\/11\/\u3054\u8457\u66f8\u306e\u5199\u771f\u3000O-PROPOSITO-DA-VIDA.jpeg\" class=\"vc_single_image-img attachment-medium\" alt=\"\" title=\"\" srcset=\"https:\/\/templo-do-budismo-online.com\/wp-content\/uploads\/2024\/11\/\u3054\u8457\u66f8\u306e\u5199\u771f\u3000O-PROPOSITO-DA-VIDA.jpeg 780w, https:\/\/templo-do-budismo-online.com\/wp-content\/uploads\/2024\/11\/\u3054\u8457\u66f8\u306e\u5199\u771f\u3000O-PROPOSITO-DA-VIDA-709x1024.jpeg 709w, https:\/\/templo-do-budismo-online.com\/wp-content\/uploads\/2024\/11\/\u3054\u8457\u66f8\u306e\u5199\u771f\u3000O-PROPOSITO-DA-VIDA-8x12.jpeg 8w, https:\/\/templo-do-budismo-online.com\/wp-content\/uploads\/2024\/11\/\u3054\u8457\u66f8\u306e\u5199\u771f\u3000O-PROPOSITO-DA-VIDA-184x266.jpeg 184w, https:\/\/templo-do-budismo-online.com\/wp-content\/uploads\/2024\/11\/\u3054\u8457\u66f8\u306e\u5199\u771f\u3000O-PROPOSITO-DA-VIDA-600x866.jpeg 600w\" sizes=\"auto, (max-width: 780px) 100vw, 780px\" \/><\/div>\n\t\t<\/figure>\n\t<\/div>\n<\/div><\/div><\/div><div class=\"wpb_column vc_column_container vc_col-sm-6\"><div class=\"vc_column-inner\"><div class=\"wpb_wrapper\">\n\t<div class=\"wpb_text_column wpb_content_element\" >\n\t\t<div class=\"wpb_wrapper\">\n\t\t\t<p><span style=\"font-size: 18pt;\"><strong>O PROP\u00d3SITO DA VIDA<\/strong><\/span><\/p>\n<p><span style=\"font-size: 14pt;\"><span style=\"font-size: 18pt;\"><span class=\"C9DxTc\">R<\/span><span class=\"C9DxTc\">$<\/span><span class=\"C9DxTc\">5<\/span><\/span><span class=\"C9DxTc\"><span style=\"font-size: 18pt;\">0<\/span><\/span><\/span><\/p>\n\n\t\t<\/div>\n\t<\/div>\n<style type=\"text\/css\">.vc_btn3-style-gradient-custom.vc_btn-gradient-btn-69d2ae062bf05:hover{color: #ffffff;background-color: #0c51ff;border: none;background-position: 100% 0;}<\/style><style type=\"text\/css\">.vc_btn3-style-gradient-custom.vc_btn-gradient-btn-69d2ae062bf05{color: #ffffff;border: none;background-color: #0c51ff;background-image: -webkit-linear-gradient(left, #0c51ff 0%, #0c51ff 50%,#0c51ff 100%);background-image: linear-gradient(to right, #0c51ff 0%, #0c51ff 50%,#0c51ff 100%);-webkit-transition: all .2s ease-in-out;transition: all .2s ease-in-out;background-size: 200% 100%;}<\/style><div class=\"vc_btn3-container vc_btn3-left\" >\n\t<a data-vc-gradient-1=\"#0c51ff\" data-vc-gradient-2=\"#0c51ff\" class=\"vc_general vc_btn3 vc_btn3-size-lg vc_btn3-shape-round vc_btn3-style-gradient-custom vc_btn3-icon-left vc_btn-gradient-btn-69d2ae062bf05\" href=\"https:\/\/buy.stripe.com\/7sY28r3He6LxaG7dkPeME0n\" title=\"\"><i class=\"vc_btn3-icon fa-icon-stm_icon_book_black\"><\/i> COMPRAR<\/a><\/div>\n\n<div class=\"a4d3604fc3579dce4c600fc3320434a7f vc_empty_space\"\n         style=\"height: 32px\" >\n    <span class=\"vc_empty_space_inner\"><\/span>\n<\/div>\n\n\t<div class=\"wpb_text_column wpb_content_element\" >\n\t\t<div class=\"wpb_wrapper\">\n\t\t\t<p><span style=\"font-size: 14pt;\"><strong>T\u00edtulo:<\/strong> O PROP\u00d3SITO DA VIDA<\/span><br \/>\n<span style=\"font-size: 14pt;\"><strong>Autor:<\/strong> Kentetsu Takamori<\/span><br \/>\n<span style=\"font-size: 14pt;\"><strong>N\u00famero de p\u00e1ginas:\u00a0<\/strong>168<strong><br \/>\nTamanho: <\/strong>23 x 16 x 1 cm<strong><br \/>\nISBN:<\/strong> 978-65-997731-3-6<\/span><br \/>\n<strong><span style=\"font-size: 14pt;\">Editora: <\/span><\/strong><span style=\"font-size: 14pt;\">Editora Satry<\/span><\/p>\n\n\t\t<\/div>\n\t<\/div>\n\n<div class=\"a4d3604fc3579dce4c600fc3320434a7f vc_empty_space\"\n         style=\"height: 32px\" >\n    <span class=\"vc_empty_space_inner\"><\/span>\n<\/div>\n\n\t<div class=\"wpb_text_column wpb_content_element\" >\n\t\t<div class=\"wpb_wrapper\">\n\t\t\t<p><span style=\"font-size: 14pt;\">O s\u00e9culo XX, no qual a tecnologia avan\u00e7ou rapidamente, mas a verdadeira abund\u00e2ncia estagnou, caracterizou-se como uma era de ansiedade. As conveni\u00eancias e o conforto obtidos com tanto esfor\u00e7o possibilitaram a realiza\u00e7\u00e3o do sonho t\u00e3o almejado, mas ao mesmo tempo, real\u00e7aram ainda mais o v\u00e1cuo existencial imposs\u00edvel de ser preenchido com as conquistas que a humanidade alcan\u00e7ou.<\/span><\/p>\n<p><span style=\"font-size: 14pt;\">A cren\u00e7a de que a prosperidade era a solu\u00e7\u00e3o para ocupar o espa\u00e7o vazio se estilha\u00e7ou em mil peda\u00e7os e criou nas pessoas a coragem de questionar o sentido da exist\u00eancia que pode ser interrompida a qualquer momento: \u201cExiste algum sentido em minha vida que n\u00e3o seja destru\u00eddo pela morte que, inevitavelmente, me aguarda?\u201d<\/span><\/p>\n<p><span style=\"font-size: 14pt;\">Buda Sakyamuni responde: Sim. Conhe\u00e7a a sua verdadeira natureza e saiba o prop\u00f3sito \u00fanico de ter nascido humano \u2013 alcan\u00e7ar a felicidade que n\u00e3o desmorona mesmo diante da morte. Trata-se da mensagem na hist\u00f3ria do andarilho e do tigre na plan\u00edcie deserta que consta na abertura deste livro, O prop\u00f3sito da vida.<\/span><\/p>\n\n\t\t<\/div>\n\t<\/div>\n<\/div><\/div><\/div><\/div>\n\n<\/div>","protected":false},"excerpt":{"rendered":"Gostaria que o maior n\u00famero de pessoas pudesse saber o significado da vida ensinado no Budismo atrav\u00e9s da aula online.\r\nE que todos possam alcan\u00e7ar a verdadeira felicidade e levar uma vida plena e alegre.","protected":false},"author":1,"featured_media":2770,"parent":2500,"menu_order":0,"comment_status":"closed","ping_status":"closed","template":"","meta":{"footnotes":""},"class_list":["post-2771","page","type-page","status-publish","has-post-thumbnail","hentry"],"_links":{"self":[{"href":"https:\/\/templo-do-budismo-online.com\/pt_br\/wp-json\/wp\/v2\/pages\/2771","targetHints":{"allow":["GET"]}}],"collection":[{"href":"https:\/\/templo-do-budismo-online.com\/pt_br\/wp-json\/wp\/v2\/pages"}],"about":[{"href":"https:\/\/templo-do-budismo-online.com\/pt_br\/wp-json\/wp\/v2\/types\/page"}],"author":[{"embeddable":true,"href":"https:\/\/templo-do-budismo-online.com\/pt_br\/wp-json\/wp\/v2\/users\/1"}],"replies":[{"embeddable":true,"href":"https:\/\/templo-do-budismo-online.com\/pt_br\/wp-json\/wp\/v2\/comments?post=2771"}],"version-history":[{"count":6,"href":"https:\/\/templo-do-budismo-online.com\/pt_br\/wp-json\/wp\/v2\/pages\/2771\/revisions"}],"predecessor-version":[{"id":2857,"href":"https:\/\/templo-do-budismo-online.com\/pt_br\/wp-json\/wp\/v2\/pages\/2771\/revisions\/2857"}],"up":[{"embeddable":true,"href":"https:\/\/templo-do-budismo-online.com\/pt_br\/wp-json\/wp\/v2\/pages\/2500"}],"wp:featuredmedia":[{"embeddable":true,"href":"https:\/\/templo-do-budismo-online.com\/pt_br\/wp-json\/wp\/v2\/media\/2770"}],"wp:attachment":[{"href":"https:\/\/templo-do-budismo-online.com\/pt_br\/wp-json\/wp\/v2\/media?parent=2771"}],"curies":[{"name":"wp","href":"https:\/\/api.w.org\/{rel}","templated":true}]}}