{"id":2642,"date":"2024-02-23T01:24:47","date_gmt":"2024-02-23T04:24:47","guid":{"rendered":"https:\/\/templo-do-budismo-online.com\/?page_id=2642"},"modified":"2025-11-06T21:38:42","modified_gmt":"2025-11-07T00:38:42","slug":"compras-e-devolucoes","status":"publish","type":"page","link":"https:\/\/templo-do-budismo-online.com\/pt_br\/compras-e-devolucoes\/","title":{"rendered":"Compras e Devolu\u00e7\u00f5es"},"content":{"rendered":"<div class=\"wpb-content-wrapper\"><div class=\"vc_row wpb_row vc_row-fluid\">\n\t\t<div class=\"wpb_column vc_column_container vc_col-sm-12\"><div class=\"vc_column-inner\"><div class=\"wpb_wrapper\">\n\t<div class=\"wpb_text_column wpb_content_element\" >\n\t\t<div class=\"wpb_wrapper\">\n\t\t\t<h2 class=\"wp-block-heading\"><\/h2>\n<h2 class=\"wp-block-heading\"><strong><span style=\"color: #f9529a; font-size: 24pt;\">Nome do Vendedor<\/span><\/strong><\/h2>\n<h2><\/h2>\n<p><span style=\"font-size: 14pt;\">Templo do Budismo Online<\/span><br \/>\n<span style=\"font-size: 14pt;\">O endere\u00e7o do nosso site \u00e9: <a href=\"https:\/\/templo-do-budismo-online.com\/pt_br\/\">https:\/\/templo-do-budismo-online.com\/<\/a>.<\/span><\/p>\n<p><span style=\"font-size: 14pt;\">A Editora Satry apoia as atividades do Templo do Budismo Online.<\/span><\/p>\n<h2><\/h2>\n<h2 class=\"wp-block-heading\"><span style=\"color: #f9529a;\"><br \/>\n<span style=\"font-size: 24pt;\"><strong>Nome do Representante Legal<\/strong><\/span><\/span><\/h2>\n<p><span style=\"font-size: 14pt;\">Miyamae Hideto<\/span><\/p>\n<h2><\/h2>\n<h2 class=\"wp-block-heading\"><span style=\"color: #f9529a;\"><br \/>\n<span style=\"font-size: 24pt;\"><strong>Informa\u00e7\u00f5es de contato do fornecedor<\/strong><\/span><\/span><\/h2>\n<p><span style=\"font-size: 14pt;\"><a href=\"mailto:filosofia.budista@templo-do-budismo-online.com\">filosofia.budista@templo-do-budismo-online.com<\/a><\/span><\/p>\n<p><span style=\"font-size: 14pt;\">\u203b N\u00e3o aceitamos consultas por telefone sobre servi\u00e7os ou transa\u00e7\u00f5es. Por favor, quaisquer d\u00favidas, solicitamos que nos entre em contato por e-mail e responderemos prontamente.<\/span><\/p>\n<p><span style=\"font-size: 14pt;\">\u203b O endere\u00e7o e o n\u00famero de telefone ser\u00e3o divulgados prontamente mediante solicita\u00e7\u00e3o.<\/span><\/p>\n<h2><\/h2>\n<h2 class=\"wp-block-heading\"><strong><span style=\"color: #f9529a; font-size: 24pt;\"><br \/>\nPre\u00e7o de venda<\/span><\/strong><\/h2>\n<h2><\/h2>\n<p><span style=\"font-size: 14pt;\">O pre\u00e7o est\u00e1 descrito em cada item do produto.<\/span><\/p>\n<h2><\/h2>\n<h2 class=\"wp-block-heading\"><span style=\"color: #f9529a;\"><br \/>\n<span style=\"font-size: 24pt;\"><strong>Formas de pagamento<\/strong><\/span><\/span><\/h2>\n<p><span style=\"font-size: 14pt;\">Pagamento com cart\u00e3o de cr\u00e9dito.<\/span><\/p>\n<h2><\/h2>\n<h2 class=\"wp-block-heading\"><span style=\"color: #f9529a;\"><br \/>\n<span style=\"font-size: 24pt;\"><strong>Prazo de pagamento<\/strong><\/span><\/span><\/h2>\n<p><span style=\"font-size: 14pt;\">O pagamento ser\u00e1 efetuado com cart\u00e3o de cr\u00e9dito no momento do pedido, na p\u00e1gina de apresenta\u00e7\u00e3o do produto.<\/span><\/p>\n<p><span style=\"font-size: 14pt;\">A data de vencimento do cart\u00e3o de cr\u00e9dito ser\u00e1 de acordo com os termos de uso da empresa de cart\u00e3o de cr\u00e9dito.<\/span><\/p>\n<h2><\/h2>\n<h2 class=\"wp-block-heading\"><span style=\"color: #f9529a;\"><br \/>\n<span style=\"font-size: 24pt;\"><strong>Prazo de entrega<\/strong><\/span><\/span><\/h2>\n<p><span style=\"font-size: 14pt;\">Assim que o pagamento for confirmado e o endere\u00e7o de entrega for verificado, enviaremos o livro imediatamente por correio.<\/span><\/p>\n<h2><\/h2>\n<h2 class=\"wp-block-heading\"><span style=\"color: #f9529a;\"><br \/>\n<span style=\"font-size: 24pt;\"><strong>Pol\u00edtica de Reembolso<\/strong><\/span><\/span><\/h2>\n<p><span style=\"font-size: 14pt;\">Conforme abaixo, somente dentro de uma semana, faremos o cancelamento da transa\u00e7\u00e3o.<\/span><\/p>\n<p><span style=\"font-size: 14pt;\">\u30fbAdquiriu o livro por engano atrav\u00e9s do cart\u00e3o de cr\u00e9dito.<\/span><\/p>\n<h2><\/h2>\n<h2 class=\"wp-block-heading\"><span style=\"color: #f9529a;\"><br \/>\n<span style=\"font-size: 24pt;\"><strong>Pol\u00edtica de Devolu\u00e7\u00e3o<\/strong><\/span><\/span><\/h2>\n<p><span style=\"font-size: 14pt;\">Se houver um defeito inicial ou se o produto errado tiver sido enviado, providenciaremos a devolu\u00e7\u00e3o.<\/span><\/p>\n\n\t\t<\/div>\n\t<\/div>\n<\/div><\/div><\/div><\/div>\n\n<div class=\"vc_row wpb_row vc_row-fluid\">\n\t\t<div class=\"wpb_column vc_column_container vc_col-sm-12\"><div class=\"vc_column-inner\"><div class=\"wpb_wrapper\">\n\t<div class=\"wpb_text_column wpb_content_element\" >\n\t\t<div class=\"wpb_wrapper\">\n\t\t\t<p><a href=\"https:\/\/templo-do-budismo-online.com\/pt_br\/specified_commercial_transactions\/\"><span style=\"font-size: 14pt;\">Informa\u00e7\u00f5es conforme a Lei de Transa\u00e7\u00f5es Comerciais Especificadas (LTCE) do Jap\u00e3o<\/span><\/a><\/p>\n\n\t\t<\/div>\n\t<\/div>\n<\/div><\/div><\/div><\/div>\n<\/div>","protected":false},"excerpt":{"rendered":"Gostaria que o maior n\u00famero de pessoas pudesse saber o significado da vida ensinado no Budismo atrav\u00e9s da aula online.\r\nE que todos possam alcan\u00e7ar a verdadeira felicidade e levar uma vida plena e alegre.","protected":false},"author":1,"featured_media":0,"parent":0,"menu_order":0,"comment_status":"closed","ping_status":"closed","template":"","meta":{"footnotes":""},"class_list":["post-2642","page","type-page","status-publish","hentry"],"_links":{"self":[{"href":"https:\/\/templo-do-budismo-online.com\/pt_br\/wp-json\/wp\/v2\/pages\/2642","targetHints":{"allow":["GET"]}}],"collection":[{"href":"https:\/\/templo-do-budismo-online.com\/pt_br\/wp-json\/wp\/v2\/pages"}],"about":[{"href":"https:\/\/templo-do-budismo-online.com\/pt_br\/wp-json\/wp\/v2\/types\/page"}],"author":[{"embeddable":true,"href":"https:\/\/templo-do-budismo-online.com\/pt_br\/wp-json\/wp\/v2\/users\/1"}],"replies":[{"embeddable":true,"href":"https:\/\/templo-do-budismo-online.com\/pt_br\/wp-json\/wp\/v2\/comments?post=2642"}],"version-history":[{"count":9,"href":"https:\/\/templo-do-budismo-online.com\/pt_br\/wp-json\/wp\/v2\/pages\/2642\/revisions"}],"predecessor-version":[{"id":2900,"href":"https:\/\/templo-do-budismo-online.com\/pt_br\/wp-json\/wp\/v2\/pages\/2642\/revisions\/2900"}],"wp:attachment":[{"href":"https:\/\/templo-do-budismo-online.com\/pt_br\/wp-json\/wp\/v2\/media?parent=2642"}],"curies":[{"name":"wp","href":"https:\/\/api.w.org\/{rel}","templated":true}]}}