{"id":2596,"date":"2024-02-21T22:59:20","date_gmt":"2024-02-22T01:59:20","guid":{"rendered":"https:\/\/templo-do-budismo-online.com\/home\/livros\/a-arte-da-empatia-%ef%bc%88%e8%a4%87%e8%a3%bd%ef%bc%89\/"},"modified":"2025-07-15T04:10:05","modified_gmt":"2025-07-15T07:10:05","slug":"de-maos-dadas-no-caminho","status":"publish","type":"page","link":"https:\/\/templo-do-budismo-online.com\/pt_br\/home\/livros\/de-maos-dadas-no-caminho\/","title":{"rendered":"DE M\u00c3OS DADAS NO CAMINHO"},"content":{"rendered":"<div class=\"wpb-content-wrapper\">\n<div class=\"vc_row wpb_row vc_row-fluid\">\n\t\t<div class=\"wpb_column vc_column_container vc_col-sm-6\"><div class=\"vc_column-inner\"><div class=\"wpb_wrapper\">\n\t<div  class=\"wpb_single_image wpb_content_element vc_align_left wpb_content_element\">\n\t\t\n\t\t<figure class=\"wpb_wrapper vc_figure\">\n\t\t\t<div class=\"vc_single_image-wrapper   vc_box_border_grey\"><img loading=\"lazy\" decoding=\"async\" width=\"1098\" height=\"1500\" src=\"https:\/\/templo-do-budismo-online.com\/wp-content\/uploads\/2024\/02\/\u3054\u8457\u66f8\u306e\u5199\u771f\u3000DE-MAOS-DADAS-NO-CAMINHO.jpg\" class=\"vc_single_image-img attachment-medium\" alt=\"\" title=\"DE M\u00c3OS DADAS NO CAMINHO\" srcset=\"https:\/\/templo-do-budismo-online.com\/wp-content\/uploads\/2024\/02\/\u3054\u8457\u66f8\u306e\u5199\u771f\u3000DE-MAOS-DADAS-NO-CAMINHO.jpg 1098w, https:\/\/templo-do-budismo-online.com\/wp-content\/uploads\/2024\/02\/\u3054\u8457\u66f8\u306e\u5199\u771f\u3000DE-MAOS-DADAS-NO-CAMINHO-750x1024.jpg 750w, https:\/\/templo-do-budismo-online.com\/wp-content\/uploads\/2024\/02\/\u3054\u8457\u66f8\u306e\u5199\u771f\u3000DE-MAOS-DADAS-NO-CAMINHO-9x12.jpg 9w, https:\/\/templo-do-budismo-online.com\/wp-content\/uploads\/2024\/02\/\u3054\u8457\u66f8\u306e\u5199\u771f\u3000DE-MAOS-DADAS-NO-CAMINHO-195x266.jpg 195w, https:\/\/templo-do-budismo-online.com\/wp-content\/uploads\/2024\/02\/\u3054\u8457\u66f8\u306e\u5199\u771f\u3000DE-MAOS-DADAS-NO-CAMINHO-600x820.jpg 600w\" sizes=\"auto, (max-width: 1098px) 100vw, 1098px\" \/><\/div>\n\t\t<\/figure>\n\t<\/div>\n<\/div><\/div><\/div><div class=\"wpb_column vc_column_container vc_col-sm-6\"><div class=\"vc_column-inner\"><div class=\"wpb_wrapper\">\n\t<div class=\"wpb_text_column wpb_content_element\" >\n\t\t<div class=\"wpb_wrapper\">\n\t\t\t<p id=\"h.70n1ra75752l_l\" class=\"zfr3Q JYVBee CDt4Ke\" dir=\"ltr\"><strong><span class=\"J3nsZ C9DxTc\" style=\"font-size: 18pt;\">DE M\u00c3OS DADAS NO CAMINHO<\/span><\/strong><\/p>\n<p><span style=\"font-size: 14pt;\"><span style=\"font-size: 18pt;\"><span class=\"C9DxTc\">R<\/span><span class=\"C9DxTc\">$<\/span><span class=\"C9DxTc\">4<\/span><\/span><span class=\"C9DxTc\"><span style=\"font-size: 18pt;\">0<\/span><\/span><\/span><\/p>\n\n\t\t<\/div>\n\t<\/div>\n<style type=\"text\/css\">.vc_btn3-style-gradient-custom.vc_btn-gradient-btn-69d2b0b187fdd:hover{color: #ffffff;background-color: #0c51ff;border: none;background-position: 100% 0;}<\/style><style type=\"text\/css\">.vc_btn3-style-gradient-custom.vc_btn-gradient-btn-69d2b0b187fdd{color: #ffffff;border: none;background-color: #0c51ff;background-image: -webkit-linear-gradient(left, #0c51ff 0%, #0c51ff 50%,#0c51ff 100%);background-image: linear-gradient(to right, #0c51ff 0%, #0c51ff 50%,#0c51ff 100%);-webkit-transition: all .2s ease-in-out;transition: all .2s ease-in-out;background-size: 200% 100%;}<\/style><div class=\"vc_btn3-container vc_btn3-left\" >\n\t<a data-vc-gradient-1=\"#0c51ff\" data-vc-gradient-2=\"#0c51ff\" class=\"vc_general vc_btn3 vc_btn3-size-lg vc_btn3-shape-round vc_btn3-style-gradient-custom vc_btn3-icon-left vc_btn-gradient-btn-69d2b0b187fdd\" href=\"https:\/\/buy.stripe.com\/7sYbJ13He6Lx8xZ1C7eME0x\" title=\"\"><i class=\"vc_btn3-icon fa-icon-stm_icon_book_black\"><\/i> COMPRAR<\/a><\/div>\n\n<div class=\"a4d3604fc3579dce4c600fc3320434a7f vc_empty_space\"\n         style=\"height: 32px\" >\n    <span class=\"vc_empty_space_inner\"><\/span>\n<\/div>\n\n\t<div class=\"wpb_text_column wpb_content_element\" >\n\t\t<div class=\"wpb_wrapper\">\n\t\t\t<p><span style=\"font-size: 14pt;\"><strong>T\u00edtulo:<\/strong> DE M\u00c3OS DADAS NO CAMINHO<\/span><br \/>\n<span style=\"font-size: 14pt;\"><strong>Autor:<\/strong> Koichi Kimura<\/span><br \/>\n<span style=\"font-size: 14pt;\"><strong>N\u00famero de p\u00e1ginas:\u00a0<\/strong>208<strong><br \/>\nTamanho:\u00a0<\/strong>18.4 x 13.6 x 1.8 cm<strong><br \/>\nISBN:<\/strong> 978-85-65166-07-2<\/span><br \/>\n<strong><span style=\"font-size: 14pt;\">Editora: <\/span><\/strong><span style=\"font-size: 14pt;\">Editora Satry<\/span><\/p>\n\n\t\t<\/div>\n\t<\/div>\n\n<div class=\"a4d3604fc3579dce4c600fc3320434a7f vc_empty_space\"\n         style=\"height: 32px\" >\n    <span class=\"vc_empty_space_inner\"><\/span>\n<\/div>\n\n\t<div class=\"wpb_text_column wpb_content_element\" >\n\t\t<div class=\"wpb_wrapper\">\n\t\t\t<p class=\"zfr3Q CDt4Ke\" dir=\"ltr\"><span style=\"font-size: 14pt;\">Seguindo o estilo caleidosc\u00f3pio de <em>A Bagagem dos viajantes<\/em> (2014), Koichi Kimura fundamenta-se em senhores feudais e samurais, monges e fil\u00f3sofos, poetas e cineastas, f\u00e1bulas e personagens de mang\u00e1 para demonstrar o amor infinito dos pais e a retribui\u00e7\u00e3o (ocasional) dos filhos. Nesta edi\u00e7\u00e3o, ainda foi inserida uma sele\u00e7\u00e3o de testemunhos de leitores na forma de cartas.<\/span><\/p>\n<p class=\"zfr3Q CDt4Ke\" dir=\"ltr\"><span style=\"font-size: 14pt;\">Embora se nas\u00e7a e morra a s\u00f3s, o caminho \u00e9 pleno de intera\u00e7\u00f5es, e o la\u00e7o mais apertado \u00e9 aquele com os pais, que trouxeram os filhos a este mundo e os conduziram durante boa parte do trajeto. Que estes os reverenciem e amparem, perpetuando o c\u00edrculo virtuoso.<\/span><\/p>\n\n\t\t<\/div>\n\t<\/div>\n<\/div><\/div><\/div><\/div>\n\n<\/div>","protected":false},"excerpt":{"rendered":"Gostaria que o maior n\u00famero de pessoas pudesse saber o significado da vida ensinado no Budismo atrav\u00e9s da aula online.\r\nE que todos possam alcan\u00e7ar a verdadeira felicidade e levar uma vida plena e alegre.","protected":false},"author":1,"featured_media":2484,"parent":2500,"menu_order":0,"comment_status":"closed","ping_status":"closed","template":"","meta":{"footnotes":""},"class_list":["post-2596","page","type-page","status-publish","has-post-thumbnail","hentry"],"_links":{"self":[{"href":"https:\/\/templo-do-budismo-online.com\/pt_br\/wp-json\/wp\/v2\/pages\/2596","targetHints":{"allow":["GET"]}}],"collection":[{"href":"https:\/\/templo-do-budismo-online.com\/pt_br\/wp-json\/wp\/v2\/pages"}],"about":[{"href":"https:\/\/templo-do-budismo-online.com\/pt_br\/wp-json\/wp\/v2\/types\/page"}],"author":[{"embeddable":true,"href":"https:\/\/templo-do-budismo-online.com\/pt_br\/wp-json\/wp\/v2\/users\/1"}],"replies":[{"embeddable":true,"href":"https:\/\/templo-do-budismo-online.com\/pt_br\/wp-json\/wp\/v2\/comments?post=2596"}],"version-history":[{"count":8,"href":"https:\/\/templo-do-budismo-online.com\/pt_br\/wp-json\/wp\/v2\/pages\/2596\/revisions"}],"predecessor-version":[{"id":2868,"href":"https:\/\/templo-do-budismo-online.com\/pt_br\/wp-json\/wp\/v2\/pages\/2596\/revisions\/2868"}],"up":[{"embeddable":true,"href":"https:\/\/templo-do-budismo-online.com\/pt_br\/wp-json\/wp\/v2\/pages\/2500"}],"wp:featuredmedia":[{"embeddable":true,"href":"https:\/\/templo-do-budismo-online.com\/pt_br\/wp-json\/wp\/v2\/media\/2484"}],"wp:attachment":[{"href":"https:\/\/templo-do-budismo-online.com\/pt_br\/wp-json\/wp\/v2\/media?parent=2596"}],"curies":[{"name":"wp","href":"https:\/\/api.w.org\/{rel}","templated":true}]}}