{"id":2582,"date":"2024-02-21T22:44:46","date_gmt":"2024-02-22T01:44:46","guid":{"rendered":"https:\/\/templo-do-budismo-online.com\/home\/livros\/sementes-do-coracao-%ef%bc%88%e8%a4%87%e8%a3%bd%ef%bc%89\/"},"modified":"2025-07-15T04:11:42","modified_gmt":"2025-07-15T07:11:42","slug":"a-bagagem-dos-viajantes","status":"publish","type":"page","link":"https:\/\/templo-do-budismo-online.com\/pt_br\/home\/livros\/a-bagagem-dos-viajantes\/","title":{"rendered":"A BAGAGEM DOS VIAJANTES"},"content":{"rendered":"<div class=\"wpb-content-wrapper\">\n<div class=\"vc_row wpb_row vc_row-fluid\">\n\t\t<div class=\"wpb_column vc_column_container vc_col-sm-6\"><div class=\"vc_column-inner\"><div class=\"wpb_wrapper\">\n\t<div  class=\"wpb_single_image wpb_content_element vc_align_center wpb_content_element\">\n\t\t\n\t\t<figure class=\"wpb_wrapper vc_figure\">\n\t\t\t<div class=\"vc_single_image-wrapper   vc_box_border_grey\"><img loading=\"lazy\" decoding=\"async\" width=\"366\" height=\"500\" src=\"https:\/\/templo-do-budismo-online.com\/wp-content\/uploads\/2024\/02\/\u3054\u8457\u66f8\u306e\u5199\u771f\u3000A-BAGAGEM-DOS-VIAJANTES.jpeg\" class=\"vc_single_image-img attachment-large\" alt=\"\" title=\"A BAGAGEM DOS VIAJANTES\" srcset=\"https:\/\/templo-do-budismo-online.com\/wp-content\/uploads\/2024\/02\/\u3054\u8457\u66f8\u306e\u5199\u771f\u3000A-BAGAGEM-DOS-VIAJANTES.jpeg 366w, https:\/\/templo-do-budismo-online.com\/wp-content\/uploads\/2024\/02\/\u3054\u8457\u66f8\u306e\u5199\u771f\u3000A-BAGAGEM-DOS-VIAJANTES-9x12.jpeg 9w, https:\/\/templo-do-budismo-online.com\/wp-content\/uploads\/2024\/02\/\u3054\u8457\u66f8\u306e\u5199\u771f\u3000A-BAGAGEM-DOS-VIAJANTES-195x266.jpeg 195w\" sizes=\"auto, (max-width: 366px) 100vw, 366px\" \/><\/div>\n\t\t<\/figure>\n\t<\/div>\n<\/div><\/div><\/div><div class=\"wpb_column vc_column_container vc_col-sm-6\"><div class=\"vc_column-inner\"><div class=\"wpb_wrapper\">\n\t<div class=\"wpb_text_column wpb_content_element\" >\n\t\t<div class=\"wpb_wrapper\">\n\t\t\t<p id=\"h.70n1ra75752l_l\" class=\"zfr3Q JYVBee CDt4Ke\" dir=\"ltr\"><strong><span class=\"J3nsZ C9DxTc\" style=\"font-size: 18pt;\">A BAGAGEM DOS VIAJANTES<\/span><\/strong><\/p>\n<p><span style=\"font-size: 14pt;\"><span style=\"font-size: 18pt;\"><span class=\"C9DxTc\">R<\/span><span class=\"C9DxTc\">$<\/span><span class=\"C9DxTc\">4<\/span><\/span><span class=\"C9DxTc\"><span style=\"font-size: 18pt;\">0<\/span><\/span><\/span><\/p>\n\n\t\t<\/div>\n\t<\/div>\n<style type=\"text\/css\">.vc_btn3-style-gradient-custom.vc_btn-gradient-btn-69d2b27e125de:hover{color: #ffffff;background-color: #0c51ff;border: none;background-position: 100% 0;}<\/style><style type=\"text\/css\">.vc_btn3-style-gradient-custom.vc_btn-gradient-btn-69d2b27e125de{color: #ffffff;border: none;background-color: #0c51ff;background-image: -webkit-linear-gradient(left, #0c51ff 0%, #0c51ff 50%,#0c51ff 100%);background-image: linear-gradient(to right, #0c51ff 0%, #0c51ff 50%,#0c51ff 100%);-webkit-transition: all .2s ease-in-out;transition: all .2s ease-in-out;background-size: 200% 100%;}<\/style><div class=\"vc_btn3-container vc_btn3-left\" >\n\t<a data-vc-gradient-1=\"#0c51ff\" data-vc-gradient-2=\"#0c51ff\" class=\"vc_general vc_btn3 vc_btn3-size-lg vc_btn3-shape-round vc_btn3-style-gradient-custom vc_btn3-icon-left vc_btn-gradient-btn-69d2b27e125de\" href=\"https:\/\/buy.stripe.com\/aFa3cvdhOd9V4hJ1C7eME0y\" title=\"\"><i class=\"vc_btn3-icon fa-icon-stm_icon_book_black\"><\/i> COMPRAR<\/a><\/div>\n\n<div class=\"a4d3604fc3579dce4c600fc3320434a7f vc_empty_space\"\n         style=\"height: 32px\" >\n    <span class=\"vc_empty_space_inner\"><\/span>\n<\/div>\n\n\t<div class=\"wpb_text_column wpb_content_element\" >\n\t\t<div class=\"wpb_wrapper\">\n\t\t\t<p><span style=\"font-size: 14pt;\"><strong>T\u00edtulo:<\/strong> A BAGAGEM DOS VIAJANTES<\/span><br \/>\n<span style=\"font-size: 14pt;\"><strong>Autor:<\/strong> Koichi Kimura<\/span><br \/>\n<span style=\"font-size: 14pt;\"><strong>N\u00famero de p\u00e1ginas: <\/strong>184<strong><br \/>\nTamanho:\u00a0<\/strong>18.29 x 13.46 x 1.52 cm<strong><br \/>\nISBN:<\/strong> 978-85-65166-06-5<\/span><br \/>\n<strong><span style=\"font-size: 14pt;\">Editora: <\/span><\/strong><span style=\"font-size: 14pt;\">Editora Satry<\/span><\/p>\n\n\t\t<\/div>\n\t<\/div>\n\n<div class=\"a4d3604fc3579dce4c600fc3320434a7f vc_empty_space\"\n         style=\"height: 32px\" >\n    <span class=\"vc_empty_space_inner\"><\/span>\n<\/div>\n\n\t<div class=\"wpb_text_column wpb_content_element\" >\n\t\t<div class=\"wpb_wrapper\">\n\t\t\t<p class=\"zfr3Q CDt4Ke\" dir=\"ltr\"><span style=\"font-size: 14pt;\">Este livro \u00e9 um guia de viagem. Cada p\u00e1gina \u00e9 uma placa, uma pousada, sombra de \u00e1rvore. Mais que autor, Koichi Kimura \u00e9 um rastreador de olhar \u00fanico e m\u00faltiplo, compilando hist\u00f3rias de samurais, prov\u00e9rbios, biografias, f\u00e1bulas ocidentais e orientais. Onde se enxerga empreendedorismo, Kimura v\u00ea exemplo de recome\u00e7o; na carreira vitoriosa de um pol\u00edtico, li\u00e7\u00e3o de humildade na oportunidade de vingan\u00e7a, a chance de estender a m\u00e3o.<\/span><\/p>\n<p class=\"zfr3Q CDt4Ke\" dir=\"ltr\"><span style=\"font-size: 14pt;\">No final, um serm\u00e3o do Buda funciona como b\u00fassola, norteando o leitor na dire\u00e7\u00e3o do objetivo da vida e dando-lhe a determina\u00e7\u00e3o necess\u00e1ria para seguir adiante, mesmo quando as dificuldades s\u00e3o tais que a rendi\u00e7\u00e3o parece a melhor sa\u00edda. Os ancestrais desbravaram esta trilha, ent\u00e3o escura e misteriosa. A cada gera\u00e7\u00e3o, novos passos e trope\u00e7os. Que as narrativas desta obra sejam uma fogueira em noite fria, um regato para saciar a sede neste longo caminho com destino ao eu.<\/span><\/p>\n\n\t\t<\/div>\n\t<\/div>\n<\/div><\/div><\/div><\/div>\n\n<\/div>","protected":false},"excerpt":{"rendered":"Gostaria que o maior n\u00famero de pessoas pudesse saber o significado da vida ensinado no Budismo atrav\u00e9s da aula online.\r\nE que todos possam alcan\u00e7ar a verdadeira felicidade e levar uma vida plena e alegre.","protected":false},"author":1,"featured_media":2478,"parent":2500,"menu_order":0,"comment_status":"closed","ping_status":"closed","template":"","meta":{"footnotes":""},"class_list":["post-2582","page","type-page","status-publish","has-post-thumbnail","hentry"],"_links":{"self":[{"href":"https:\/\/templo-do-budismo-online.com\/pt_br\/wp-json\/wp\/v2\/pages\/2582","targetHints":{"allow":["GET"]}}],"collection":[{"href":"https:\/\/templo-do-budismo-online.com\/pt_br\/wp-json\/wp\/v2\/pages"}],"about":[{"href":"https:\/\/templo-do-budismo-online.com\/pt_br\/wp-json\/wp\/v2\/types\/page"}],"author":[{"embeddable":true,"href":"https:\/\/templo-do-budismo-online.com\/pt_br\/wp-json\/wp\/v2\/users\/1"}],"replies":[{"embeddable":true,"href":"https:\/\/templo-do-budismo-online.com\/pt_br\/wp-json\/wp\/v2\/comments?post=2582"}],"version-history":[{"count":10,"href":"https:\/\/templo-do-budismo-online.com\/pt_br\/wp-json\/wp\/v2\/pages\/2582\/revisions"}],"predecessor-version":[{"id":2869,"href":"https:\/\/templo-do-budismo-online.com\/pt_br\/wp-json\/wp\/v2\/pages\/2582\/revisions\/2869"}],"up":[{"embeddable":true,"href":"https:\/\/templo-do-budismo-online.com\/pt_br\/wp-json\/wp\/v2\/pages\/2500"}],"wp:featuredmedia":[{"embeddable":true,"href":"https:\/\/templo-do-budismo-online.com\/pt_br\/wp-json\/wp\/v2\/media\/2478"}],"wp:attachment":[{"href":"https:\/\/templo-do-budismo-online.com\/pt_br\/wp-json\/wp\/v2\/media?parent=2582"}],"curies":[{"name":"wp","href":"https:\/\/api.w.org\/{rel}","templated":true}]}}