{"id":2567,"date":"2024-02-21T22:27:46","date_gmt":"2024-02-22T01:27:46","guid":{"rendered":"https:\/\/templo-do-budismo-online.com\/home\/livros\/abc-do-budismo-em-manga-%ef%bc%88%e8%a4%87%e8%a3%bd%ef%bc%89\/"},"modified":"2025-07-14T20:52:41","modified_gmt":"2025-07-14T23:52:41","slug":"a-historia-de-buda-em-manga","status":"publish","type":"page","link":"https:\/\/templo-do-budismo-online.com\/pt_br\/home\/livros\/a-historia-de-buda-em-manga\/","title":{"rendered":"A HIST\u00d3RIA DE BUDA EM MANG\u00c1"},"content":{"rendered":"<div class=\"wpb-content-wrapper\">\n<div class=\"vc_row wpb_row vc_row-fluid\">\n\t\t<div class=\"wpb_column vc_column_container vc_col-sm-6\"><div class=\"vc_column-inner\"><div class=\"wpb_wrapper\">\n\t<div  class=\"wpb_single_image wpb_content_element vc_align_left wpb_content_element\">\n\t\t\n\t\t<figure class=\"wpb_wrapper vc_figure\">\n\t\t\t<div class=\"vc_single_image-wrapper   vc_box_border_grey\"><img loading=\"lazy\" decoding=\"async\" width=\"1280\" height=\"2021\" src=\"https:\/\/templo-do-budismo-online.com\/wp-content\/uploads\/2024\/02\/\u3054\u8457\u66f8\u306e\u5199\u771f\u3000A-HISTORIA-DE-BUDA-EM-MANGA.jpeg\" class=\"vc_single_image-img attachment-medium\" alt=\"\" title=\"A HIST\u00d3RIA DE BUDA EM MANG\u00c1\" srcset=\"https:\/\/templo-do-budismo-online.com\/wp-content\/uploads\/2024\/02\/\u3054\u8457\u66f8\u306e\u5199\u771f\u3000A-HISTORIA-DE-BUDA-EM-MANGA.jpeg 1280w, https:\/\/templo-do-budismo-online.com\/wp-content\/uploads\/2024\/02\/\u3054\u8457\u66f8\u306e\u5199\u771f\u3000A-HISTORIA-DE-BUDA-EM-MANGA-649x1024.jpeg 649w, https:\/\/templo-do-budismo-online.com\/wp-content\/uploads\/2024\/02\/\u3054\u8457\u66f8\u306e\u5199\u771f\u3000A-HISTORIA-DE-BUDA-EM-MANGA-8x12.jpeg 8w, https:\/\/templo-do-budismo-online.com\/wp-content\/uploads\/2024\/02\/\u3054\u8457\u66f8\u306e\u5199\u771f\u3000A-HISTORIA-DE-BUDA-EM-MANGA-168x266.jpeg 168w, https:\/\/templo-do-budismo-online.com\/wp-content\/uploads\/2024\/02\/\u3054\u8457\u66f8\u306e\u5199\u771f\u3000A-HISTORIA-DE-BUDA-EM-MANGA-600x947.jpeg 600w\" sizes=\"auto, (max-width: 1280px) 100vw, 1280px\" \/><\/div>\n\t\t<\/figure>\n\t<\/div>\n<\/div><\/div><\/div><div class=\"wpb_column vc_column_container vc_col-sm-6\"><div class=\"vc_column-inner\"><div class=\"wpb_wrapper\">\n\t<div class=\"wpb_text_column wpb_content_element\" >\n\t\t<div class=\"wpb_wrapper\">\n\t\t\t<p id=\"h.70n1ra75752l_l\" class=\"zfr3Q JYVBee CDt4Ke\" dir=\"ltr\"><strong><span class=\"J3nsZ C9DxTc\" style=\"font-size: 18pt;\">A HIST\u00d3RIA DE BUDA EM MANG\u00c1<\/span><\/strong><\/p>\n<p><span style=\"font-size: 14pt;\"><span style=\"font-size: 18pt;\"><span class=\"C9DxTc\">R<\/span><span class=\"C9DxTc\">$<\/span><span class=\"C9DxTc\">3<\/span><\/span><span class=\"C9DxTc\"><span style=\"font-size: 18pt;\">0<\/span><\/span><\/span><\/p>\n\n\t\t<\/div>\n\t<\/div>\n<style type=\"text\/css\">.vc_btn3-style-gradient-custom.vc_btn-gradient-btn-69d2b11c540af:hover{color: #ffffff;background-color: #0c51ff;border: none;background-position: 100% 0;}<\/style><style type=\"text\/css\">.vc_btn3-style-gradient-custom.vc_btn-gradient-btn-69d2b11c540af{color: #ffffff;border: none;background-color: #0c51ff;background-image: -webkit-linear-gradient(left, #0c51ff 0%, #0c51ff 50%,#0c51ff 100%);background-image: linear-gradient(to right, #0c51ff 0%, #0c51ff 50%,#0c51ff 100%);-webkit-transition: all .2s ease-in-out;transition: all .2s ease-in-out;background-size: 200% 100%;}<\/style><div class=\"vc_btn3-container vc_btn3-left\" >\n\t<a data-vc-gradient-1=\"#0c51ff\" data-vc-gradient-2=\"#0c51ff\" class=\"vc_general vc_btn3 vc_btn3-size-lg vc_btn3-shape-round vc_btn3-style-gradient-custom vc_btn3-icon-left vc_btn-gradient-btn-69d2b11c540af\" href=\"https:\/\/buy.stripe.com\/fZufZha5C3zl9C30y3eME0r\" title=\"\"><i class=\"vc_btn3-icon fa-icon-stm_icon_book_black\"><\/i> COMPRAR<\/a><\/div>\n\n<div class=\"a4d3604fc3579dce4c600fc3320434a7f vc_empty_space\"\n         style=\"height: 32px\" >\n    <span class=\"vc_empty_space_inner\"><\/span>\n<\/div>\n\n\t<div class=\"wpb_text_column wpb_content_element\" >\n\t\t<div class=\"wpb_wrapper\">\n\t\t\t<p><span style=\"font-size: 14pt;\"><strong>T\u00edtulo:<\/strong> A HIST\u00d3RIA DE BUDA EM MANG\u00c1<\/span><br \/>\n<span style=\"font-size: 14pt;\"><strong>Autor:<\/strong> Hisashi Ohta<\/span><br \/>\n<span style=\"font-size: 14pt;\"><strong>N\u00famero de p\u00e1ginas:\u00a0<\/strong>248<strong><br \/>\nTamanho:\u00a0<\/strong>20.57 x 13.46 x 1.78 cm<strong><br \/>\nISBN:<\/strong> 978-85-65166-00-3<\/span><br \/>\n<strong><span style=\"font-size: 14pt;\">Editora: <\/span><\/strong><span style=\"font-size: 14pt;\">Editora Satry<\/span><\/p>\n\n\t\t<\/div>\n\t<\/div>\n\n<div class=\"a4d3604fc3579dce4c600fc3320434a7f vc_empty_space\"\n         style=\"height: 32px\" >\n    <span class=\"vc_empty_space_inner\"><\/span>\n<\/div>\n\n\t<div class=\"wpb_text_column wpb_content_element\" >\n\t\t<div class=\"wpb_wrapper\">\n\t\t\t<p class=\"zfr3Q CDt4Ke\" dir=\"ltr\"><span class=\"C9DxTc\" style=\"font-size: 14pt;\">\u201cO que \u00e9 a felicidade? Por que devo viver repetindo as mesmas coisas dia ap\u00f3s dia?\u201d<\/span><\/p>\n<p class=\"zfr3Q CDt4Ke\" dir=\"ltr\"><span class=\"C9DxTc\" style=\"font-size: 14pt;\">H\u00e1 dois mil e seiscentos anos, quando Buda Sakyamuni ainda era jovem, ele se atormentava com essas mesmas quest\u00f5es que enfrentamos at\u00e9 hoje.<\/span><\/p>\n<p class=\"zfr3Q CDt4Ke\" dir=\"ltr\"><span class=\"C9DxTc\" style=\"font-size: 14pt;\">Ele nunca desanimou nem desistiu de procurar a resposta. Buscou seriamente o significado da vida. Essa busca \u00e9 o ponto de partida do Budismo.<\/span><\/p>\n<p class=\"zfr3Q CDt4Ke\" dir=\"ltr\"><span class=\"C9DxTc\" style=\"font-size: 14pt;\">Buda procurou desesperadamente, e por isso conseguiu alcan\u00e7ar a maior felicidade que at\u00e9 ent\u00e3o ningu\u00e9m jamais havia alcan\u00e7ado. Em nosso desejo de viver com for\u00e7a e alegria, certamente a vida de Buda servir\u00e1 como uma grande diretriz.<\/span><\/p>\n\n\t\t<\/div>\n\t<\/div>\n<\/div><\/div><\/div><\/div>\n\n<\/div>","protected":false},"excerpt":{"rendered":"Gostaria que o maior n\u00famero de pessoas pudesse saber o significado da vida ensinado no Budismo atrav\u00e9s da aula online.\r\nE que todos possam alcan\u00e7ar a verdadeira felicidade e levar uma vida plena e alegre.","protected":false},"author":1,"featured_media":2472,"parent":2500,"menu_order":0,"comment_status":"closed","ping_status":"closed","template":"","meta":{"footnotes":""},"class_list":["post-2567","page","type-page","status-publish","has-post-thumbnail","hentry"],"_links":{"self":[{"href":"https:\/\/templo-do-budismo-online.com\/pt_br\/wp-json\/wp\/v2\/pages\/2567","targetHints":{"allow":["GET"]}}],"collection":[{"href":"https:\/\/templo-do-budismo-online.com\/pt_br\/wp-json\/wp\/v2\/pages"}],"about":[{"href":"https:\/\/templo-do-budismo-online.com\/pt_br\/wp-json\/wp\/v2\/types\/page"}],"author":[{"embeddable":true,"href":"https:\/\/templo-do-budismo-online.com\/pt_br\/wp-json\/wp\/v2\/users\/1"}],"replies":[{"embeddable":true,"href":"https:\/\/templo-do-budismo-online.com\/pt_br\/wp-json\/wp\/v2\/comments?post=2567"}],"version-history":[{"count":7,"href":"https:\/\/templo-do-budismo-online.com\/pt_br\/wp-json\/wp\/v2\/pages\/2567\/revisions"}],"predecessor-version":[{"id":2862,"href":"https:\/\/templo-do-budismo-online.com\/pt_br\/wp-json\/wp\/v2\/pages\/2567\/revisions\/2862"}],"up":[{"embeddable":true,"href":"https:\/\/templo-do-budismo-online.com\/pt_br\/wp-json\/wp\/v2\/pages\/2500"}],"wp:featuredmedia":[{"embeddable":true,"href":"https:\/\/templo-do-budismo-online.com\/pt_br\/wp-json\/wp\/v2\/media\/2472"}],"wp:attachment":[{"href":"https:\/\/templo-do-budismo-online.com\/pt_br\/wp-json\/wp\/v2\/media?parent=2567"}],"curies":[{"name":"wp","href":"https:\/\/api.w.org\/{rel}","templated":true}]}}