{"id":2559,"date":"2024-02-21T18:46:52","date_gmt":"2024-02-21T21:46:52","guid":{"rendered":"https:\/\/templo-do-budismo-online.com\/home\/livros\/budismo-a-mensagem-de-tannisho-%ef%bc%88%e8%a4%87%e8%a3%bd%ef%bc%89\/"},"modified":"2025-07-14T20:49:04","modified_gmt":"2025-07-14T23:49:04","slug":"o-desvendar-do-tannisho","status":"publish","type":"page","link":"https:\/\/templo-do-budismo-online.com\/pt_br\/home\/livros\/o-desvendar-do-tannisho\/","title":{"rendered":"O DESVENDAR DO TANNISH\u014c"},"content":{"rendered":"<div class=\"wpb-content-wrapper\">\n<div class=\"vc_row wpb_row vc_row-fluid\">\n\t\t<div class=\"wpb_column vc_column_container vc_col-sm-6\"><div class=\"vc_column-inner\"><div class=\"wpb_wrapper\">\n\t<div  class=\"wpb_single_image wpb_content_element vc_align_left wpb_content_element\">\n\t\t\n\t\t<figure class=\"wpb_wrapper vc_figure\">\n\t\t\t<div class=\"vc_single_image-wrapper   vc_box_border_grey\"><img loading=\"lazy\" decoding=\"async\" width=\"652\" height=\"970\" src=\"https:\/\/templo-do-budismo-online.com\/wp-content\/uploads\/2024\/02\/\u3054\u8457\u66f8\u306e\u5199\u771f\u3000O-DESVENDAR-DO-TANNISHO.jpg\" class=\"vc_single_image-img attachment-medium\" alt=\"\" title=\"O DESVENDAR DO TANNISH\u014c\" srcset=\"https:\/\/templo-do-budismo-online.com\/wp-content\/uploads\/2024\/02\/\u3054\u8457\u66f8\u306e\u5199\u771f\u3000O-DESVENDAR-DO-TANNISHO.jpg 652w, https:\/\/templo-do-budismo-online.com\/wp-content\/uploads\/2024\/02\/\u3054\u8457\u66f8\u306e\u5199\u771f\u3000O-DESVENDAR-DO-TANNISHO-8x12.jpg 8w, https:\/\/templo-do-budismo-online.com\/wp-content\/uploads\/2024\/02\/\u3054\u8457\u66f8\u306e\u5199\u771f\u3000O-DESVENDAR-DO-TANNISHO-179x266.jpg 179w\" sizes=\"auto, (max-width: 652px) 100vw, 652px\" \/><\/div>\n\t\t<\/figure>\n\t<\/div>\n<\/div><\/div><\/div><div class=\"wpb_column vc_column_container vc_col-sm-6\"><div class=\"vc_column-inner\"><div class=\"wpb_wrapper\">\n\t<div class=\"wpb_text_column wpb_content_element\" >\n\t\t<div class=\"wpb_wrapper\">\n\t\t\t<p id=\"h.m3lom11qsk21_l\" class=\"zfr3Q JYVBee CDt4Ke\" dir=\"ltr\"><strong><span class=\"j9e5Sc C9DxTc\" style=\"font-size: 18pt;\">O DESVENDAR DO TANNISH\u00d4<\/span><\/strong><\/p>\n<p><span style=\"font-size: 14pt;\"><span style=\"font-size: 18pt;\"><span class=\"C9DxTc\">R<\/span><span class=\"C9DxTc\">$<\/span><span class=\"C9DxTc\">5<\/span><\/span><span class=\"C9DxTc\"><span style=\"font-size: 18pt;\">0<\/span><\/span><\/span><\/p>\n\n\t\t<\/div>\n\t<\/div>\n<style type=\"text\/css\">.vc_btn3-style-gradient-custom.vc_btn-gradient-btn-69d2b0b185e83:hover{color: #ffffff;background-color: #0c51ff;border: none;background-position: 100% 0;}<\/style><style type=\"text\/css\">.vc_btn3-style-gradient-custom.vc_btn-gradient-btn-69d2b0b185e83{color: #ffffff;border: none;background-color: #0c51ff;background-image: -webkit-linear-gradient(left, #0c51ff 0%, #0c51ff 50%,#0c51ff 100%);background-image: linear-gradient(to right, #0c51ff 0%, #0c51ff 50%,#0c51ff 100%);-webkit-transition: all .2s ease-in-out;transition: all .2s ease-in-out;background-size: 200% 100%;}<\/style><div class=\"vc_btn3-container vc_btn3-left\" >\n\t<a data-vc-gradient-1=\"#0c51ff\" data-vc-gradient-2=\"#0c51ff\" class=\"vc_general vc_btn3 vc_btn3-size-lg vc_btn3-shape-round vc_btn3-style-gradient-custom vc_btn3-icon-left vc_btn-gradient-btn-69d2b0b185e83\" href=\"https:\/\/buy.stripe.com\/6oU00j5Pm4Dp8xZ1C7eME0p\" title=\"\"><i class=\"vc_btn3-icon fa-icon-stm_icon_book_black\"><\/i> COMPRAR<\/a><\/div>\n\n<div class=\"a4d3604fc3579dce4c600fc3320434a7f vc_empty_space\"\n         style=\"height: 32px\" >\n    <span class=\"vc_empty_space_inner\"><\/span>\n<\/div>\n\n\t<div class=\"wpb_text_column wpb_content_element\" >\n\t\t<div class=\"wpb_wrapper\">\n\t\t\t<p><span style=\"font-size: 14pt;\"><strong>T\u00edtulo:<\/strong> O DESVENDAR DO TANNISH\u00d4<\/span><br \/>\n<span style=\"font-size: 14pt;\"><strong>Autor:<\/strong> Kentetsu Takamori<\/span><br \/>\n<span style=\"font-size: 14pt;\"><strong>N\u00famero de p\u00e1ginas: <\/strong>192<strong><br \/>\nTamanho:\u00a0<\/strong>23 x 16 x 2 cm<strong><br \/>\nISBN:<\/strong> 978-85-65166-12-6<\/span><br \/>\n<strong><span style=\"font-size: 14pt;\">Editora: <\/span><\/strong><span style=\"font-size: 14pt;\">Editora Satry<\/span><\/p>\n\n\t\t<\/div>\n\t<\/div>\n\n<div class=\"a4d3604fc3579dce4c600fc3320434a7f vc_empty_space\"\n         style=\"height: 32px\" >\n    <span class=\"vc_empty_space_inner\"><\/span>\n<\/div>\n\n\t<div class=\"wpb_text_column wpb_content_element\" >\n\t\t<div class=\"wpb_wrapper\">\n\t\t\t<p><span style=\"font-size: 14pt;\"><em>Tannish\u00f4<\/em> (Lamento das diverg\u00eancias) \u00e9 um estimado texto cl\u00e1ssico do budismo da Terra Pura que indica o caminho para a felicidade verdadeira.<\/span><\/p>\n<p><span style=\"font-size: 14pt;\">Registro das palavras do excepcional mestre budista Shinran, que viveu h\u00e1 cerca de 800 anos, <em>Tannish\u00f4<\/em> tornou-se um dos pilares do esp\u00edrito japon\u00eas.<\/span><\/p>\n<p><span style=\"font-size: 14pt;\">Dentre centenas de coment\u00e1rios que j\u00e1 foram publicados acerca do sentido do <em>Tannish\u00f4<\/em>, <em>O desvendar do Tannish\u00f4<\/em> \u00e9, at\u00e9 hoje, o \u00fanico baseado inteiramente nos pr\u00f3prios escritos de Shinran.<\/span><\/p>\n<p><span style=\"font-size: 14pt;\">A vers\u00e3o original de Kentetsu Takamori, <em>Tannish\u00f4 wo Hiraku<\/em> (2008) obteve um sucesso incomum para um livro sobre budismo, tendo vendido at\u00e9 esta data mais de 300.000 exemplares. A vers\u00e3o desse livro em portugu\u00eas ajudar\u00e1 o leitor a descobrir a resposta para a quest\u00e3o \u201co que \u00e9 a verdadeira felicidade\u201d.<\/span><\/p>\n\n\t\t<\/div>\n\t<\/div>\n<\/div><\/div><\/div><\/div>\n\n<\/div>","protected":false},"excerpt":{"rendered":"Gostaria que o maior n\u00famero de pessoas pudesse saber o significado da vida ensinado no Budismo atrav\u00e9s da aula online.\r\nE que todos possam alcan\u00e7ar a verdadeira felicidade e levar uma vida plena e alegre.","protected":false},"author":1,"featured_media":0,"parent":2500,"menu_order":0,"comment_status":"closed","ping_status":"closed","template":"","meta":{"footnotes":""},"class_list":["post-2559","page","type-page","status-publish","hentry"],"_links":{"self":[{"href":"https:\/\/templo-do-budismo-online.com\/pt_br\/wp-json\/wp\/v2\/pages\/2559","targetHints":{"allow":["GET"]}}],"collection":[{"href":"https:\/\/templo-do-budismo-online.com\/pt_br\/wp-json\/wp\/v2\/pages"}],"about":[{"href":"https:\/\/templo-do-budismo-online.com\/pt_br\/wp-json\/wp\/v2\/types\/page"}],"author":[{"embeddable":true,"href":"https:\/\/templo-do-budismo-online.com\/pt_br\/wp-json\/wp\/v2\/users\/1"}],"replies":[{"embeddable":true,"href":"https:\/\/templo-do-budismo-online.com\/pt_br\/wp-json\/wp\/v2\/comments?post=2559"}],"version-history":[{"count":9,"href":"https:\/\/templo-do-budismo-online.com\/pt_br\/wp-json\/wp\/v2\/pages\/2559\/revisions"}],"predecessor-version":[{"id":2860,"href":"https:\/\/templo-do-budismo-online.com\/pt_br\/wp-json\/wp\/v2\/pages\/2559\/revisions\/2860"}],"up":[{"embeddable":true,"href":"https:\/\/templo-do-budismo-online.com\/pt_br\/wp-json\/wp\/v2\/pages\/2500"}],"wp:attachment":[{"href":"https:\/\/templo-do-budismo-online.com\/pt_br\/wp-json\/wp\/v2\/media?parent=2559"}],"curies":[{"name":"wp","href":"https:\/\/api.w.org\/{rel}","templated":true}]}}