{"id":2520,"date":"2024-02-21T02:42:11","date_gmt":"2024-02-21T05:42:11","guid":{"rendered":"https:\/\/templo-do-budismo-online.com\/home\/livros\/budismo-a-mensagem-de-tannisho-%ef%bc%88%e8%a4%87%e8%a3%bd%ef%bc%89\/"},"modified":"2025-07-14T20:46:58","modified_gmt":"2025-07-14T23:46:58","slug":"por-que-vivemos","status":"publish","type":"page","link":"https:\/\/templo-do-budismo-online.com\/pt_br\/home\/livros\/por-que-vivemos\/","title":{"rendered":"POR QUE VIVEMOS"},"content":{"rendered":"<div class=\"wpb-content-wrapper\">\n<div class=\"vc_row wpb_row vc_row-fluid\">\n\t\t<div class=\"wpb_column vc_column_container vc_col-sm-6\"><div class=\"vc_column-inner\"><div class=\"wpb_wrapper\">\n\t<div  class=\"wpb_single_image wpb_content_element vc_align_left wpb_content_element\">\n\t\t\n\t\t<figure class=\"wpb_wrapper vc_figure\">\n\t\t\t<div class=\"vc_single_image-wrapper   vc_box_border_grey\"><img loading=\"lazy\" decoding=\"async\" width=\"550\" height=\"814\" src=\"https:\/\/templo-do-budismo-online.com\/wp-content\/uploads\/2024\/02\/\u3054\u8457\u66f8\u306e\u5199\u771f\u3000POR-QUE-VIVEMOS.jpg\" class=\"vc_single_image-img attachment-medium\" alt=\"\" title=\"POR QUE VIVEMOS\" srcset=\"https:\/\/templo-do-budismo-online.com\/wp-content\/uploads\/2024\/02\/\u3054\u8457\u66f8\u306e\u5199\u771f\u3000POR-QUE-VIVEMOS.jpg 550w, https:\/\/templo-do-budismo-online.com\/wp-content\/uploads\/2024\/02\/\u3054\u8457\u66f8\u306e\u5199\u771f\u3000POR-QUE-VIVEMOS-8x12.jpg 8w, https:\/\/templo-do-budismo-online.com\/wp-content\/uploads\/2024\/02\/\u3054\u8457\u66f8\u306e\u5199\u771f\u3000POR-QUE-VIVEMOS-180x266.jpg 180w\" sizes=\"auto, (max-width: 550px) 100vw, 550px\" \/><\/div>\n\t\t<\/figure>\n\t<\/div>\n<\/div><\/div><\/div><div class=\"wpb_column vc_column_container vc_col-sm-6\"><div class=\"vc_column-inner\"><div class=\"wpb_wrapper\">\n\t<div class=\"wpb_text_column wpb_content_element\" >\n\t\t<div class=\"wpb_wrapper\">\n\t\t\t<p id=\"h.nya1zulqnwda_l\" class=\"zfr3Q JYVBee CDt4Ke\" dir=\"ltr\"><strong><span class=\"C9DxTc\" style=\"font-size: 18pt;\">POR QUE VIVEMOS<\/span><\/strong><\/p>\n<p><span style=\"font-size: 14pt;\"><span style=\"font-size: 18pt;\"><span class=\"C9DxTc\">R<\/span><span class=\"C9DxTc\">$<\/span><span class=\"C9DxTc\">5<\/span><\/span><span class=\"C9DxTc\"><span style=\"font-size: 18pt;\">0<\/span><\/span><\/span><\/p>\n\n\t\t<\/div>\n\t<\/div>\n<style type=\"text\/css\">.vc_btn3-style-gradient-custom.vc_btn-gradient-btn-69d2ae1401811:hover{color: #ffffff;background-color: #0c51ff;border: none;background-position: 100% 0;}<\/style><style type=\"text\/css\">.vc_btn3-style-gradient-custom.vc_btn-gradient-btn-69d2ae1401811{color: #ffffff;border: none;background-color: #0c51ff;background-image: -webkit-linear-gradient(left, #0c51ff 0%, #0c51ff 50%,#0c51ff 100%);background-image: linear-gradient(to right, #0c51ff 0%, #0c51ff 50%,#0c51ff 100%);-webkit-transition: all .2s ease-in-out;transition: all .2s ease-in-out;background-size: 200% 100%;}<\/style><div class=\"vc_btn3-container vc_btn3-left\" >\n\t<a data-vc-gradient-1=\"#0c51ff\" data-vc-gradient-2=\"#0c51ff\" class=\"vc_general vc_btn3 vc_btn3-size-lg vc_btn3-shape-round vc_btn3-style-gradient-custom vc_btn3-icon-left vc_btn-gradient-btn-69d2ae1401811\" href=\"https:\/\/buy.stripe.com\/9B63cv5Pm8TF3dF80veME0o\" title=\"\"><i class=\"vc_btn3-icon fa-icon-stm_icon_book_black\"><\/i> COMPRAR<\/a><\/div>\n\n<div class=\"a4d3604fc3579dce4c600fc3320434a7f vc_empty_space\"\n         style=\"height: 32px\" >\n    <span class=\"vc_empty_space_inner\"><\/span>\n<\/div>\n\n\t<div class=\"wpb_text_column wpb_content_element\" >\n\t\t<div class=\"wpb_wrapper\">\n\t\t\t<p><span style=\"font-size: 14pt;\"><strong>T\u00edtulo:<\/strong> POR QUE VIVEMOS<\/span><br \/>\n<span style=\"font-size: 14pt;\"><strong>Autor:<\/strong> Kentetsu Takamori<\/span><br \/>\n<span style=\"font-size: 14pt;\"><strong>N\u00famero de p\u00e1ginas:\u00a0<\/strong>320<strong><br \/>\nTamanho:\u00a0<\/strong>23 x 16 x 2 cm<strong><br \/>\nISBN:<\/strong> 978-85-65166-05-8<\/span><br \/>\n<strong><span style=\"font-size: 14pt;\">Editora: <\/span><\/strong><span style=\"font-size: 14pt;\">Editora Satry<\/span><\/p>\n\n\t\t<\/div>\n\t<\/div>\n\n<div class=\"a4d3604fc3579dce4c600fc3320434a7f vc_empty_space\"\n         style=\"height: 32px\" >\n    <span class=\"vc_empty_space_inner\"><\/span>\n<\/div>\n\n\t<div class=\"wpb_text_column wpb_content_element\" >\n\t\t<div class=\"wpb_wrapper\">\n\t\t\t<p><span style=\"font-size: 14pt;\">Existe um prop\u00f3sito na vida? Qual \u00e9 o sentido de viver? Essas perguntas t\u00eam sido feitas desde os tempos mais remotos. Mesmo assim, a maior parte da humanidade continua confusa, sem saber as respostas.<\/span><\/p>\n<p><span style=\"font-size: 14pt;\">Hoje os avan\u00e7os cient\u00edficos e m\u00e9dicos nos permitem levar uma vida mais longa e confort\u00e1vel. Mas ser\u00e1 que esse progresso traz felicidade? Tudo indica o contr\u00e1rio: a vida moderna traz mais os sentimentos de isolamento e vazio.<\/span><\/p>\n<p><span style=\"font-size: 14pt;\">Neste livro, um professor de Budismo, um psicoterapeuta e um fil\u00f3sofo mostram como encontrar a paz interior para enfrentar os obst\u00e1culos da vida cotidiana. Em linguagem clara, a obra apresenta reflex\u00f5es e coment\u00e1rios de v\u00e1rios pensadores do Ocidente e do Oriente que investigaram a condi\u00e7\u00e3o humana.<\/span><\/p>\n<p><span style=\"font-size: 14pt;\">A felicidade n\u00e3o est\u00e1 nos lugares em que normalmente procuramos. Para sermos felizes, precisamos encontrar o real prop\u00f3sito da vida.<\/span><\/p>\n\n\t\t<\/div>\n\t<\/div>\n<\/div><\/div><\/div><\/div>\n\n<\/div>","protected":false},"excerpt":{"rendered":"Gostaria que o maior n\u00famero de pessoas pudesse saber o significado da vida ensinado no Budismo atrav\u00e9s da aula online.\r\nE que todos possam alcan\u00e7ar a verdadeira felicidade e levar uma vida plena e alegre.","protected":false},"author":1,"featured_media":2461,"parent":2500,"menu_order":0,"comment_status":"closed","ping_status":"closed","template":"","meta":{"footnotes":""},"class_list":["post-2520","page","type-page","status-publish","has-post-thumbnail","hentry"],"_links":{"self":[{"href":"https:\/\/templo-do-budismo-online.com\/pt_br\/wp-json\/wp\/v2\/pages\/2520","targetHints":{"allow":["GET"]}}],"collection":[{"href":"https:\/\/templo-do-budismo-online.com\/pt_br\/wp-json\/wp\/v2\/pages"}],"about":[{"href":"https:\/\/templo-do-budismo-online.com\/pt_br\/wp-json\/wp\/v2\/types\/page"}],"author":[{"embeddable":true,"href":"https:\/\/templo-do-budismo-online.com\/pt_br\/wp-json\/wp\/v2\/users\/1"}],"replies":[{"embeddable":true,"href":"https:\/\/templo-do-budismo-online.com\/pt_br\/wp-json\/wp\/v2\/comments?post=2520"}],"version-history":[{"count":12,"href":"https:\/\/templo-do-budismo-online.com\/pt_br\/wp-json\/wp\/v2\/pages\/2520\/revisions"}],"predecessor-version":[{"id":2859,"href":"https:\/\/templo-do-budismo-online.com\/pt_br\/wp-json\/wp\/v2\/pages\/2520\/revisions\/2859"}],"up":[{"embeddable":true,"href":"https:\/\/templo-do-budismo-online.com\/pt_br\/wp-json\/wp\/v2\/pages\/2500"}],"wp:featuredmedia":[{"embeddable":true,"href":"https:\/\/templo-do-budismo-online.com\/pt_br\/wp-json\/wp\/v2\/media\/2461"}],"wp:attachment":[{"href":"https:\/\/templo-do-budismo-online.com\/pt_br\/wp-json\/wp\/v2\/media?parent=2520"}],"curies":[{"name":"wp","href":"https:\/\/api.w.org\/{rel}","templated":true}]}}