{"id":1549,"date":"2022-09-27T04:14:34","date_gmt":"2022-09-27T07:14:34","guid":{"rendered":"https:\/\/templo-do-budismo-online.com\/?page_id=1549"},"modified":"2022-10-13T05:37:22","modified_gmt":"2022-10-13T08:37:22","slug":"curso-pelo-email","status":"publish","type":"page","link":"https:\/\/templo-do-budismo-online.com\/pt_br\/curso-pelo-email\/","title":{"rendered":"Curso pelo E-mail"},"content":{"rendered":"<div class=\"wpb-content-wrapper\"><div class=\"vc_row wpb_row vc_row-fluid\">\n\t\t<div class=\"wpb_column vc_column_container vc_col-sm-12\"><div class=\"vc_column-inner\"><div class=\"wpb_wrapper\">\n\t<div  class=\"wpb_single_image wpb_content_element vc_align_center wpb_content_element\">\n\t\t\n\t\t<figure class=\"wpb_wrapper vc_figure\">\n\t\t\t<div class=\"vc_single_image-wrapper   vc_box_border_grey\"><img loading=\"lazy\" decoding=\"async\" width=\"456\" height=\"342\" src=\"https:\/\/templo-do-budismo-online.com\/wp-content\/uploads\/2022\/09\/Revista-eletronica-\u7d39\u4ecb\u753b\u50cf.jpg\" class=\"vc_single_image-img attachment-large\" alt=\"\" title=\"\" srcset=\"https:\/\/templo-do-budismo-online.com\/wp-content\/uploads\/2022\/09\/Revista-eletronica-\u7d39\u4ecb\u753b\u50cf.jpg 456w, https:\/\/templo-do-budismo-online.com\/wp-content\/uploads\/2022\/09\/Revista-eletronica-\u7d39\u4ecb\u753b\u50cf-300x225.jpg 300w, https:\/\/templo-do-budismo-online.com\/wp-content\/uploads\/2022\/09\/Revista-eletronica-\u7d39\u4ecb\u753b\u50cf-16x12.jpg 16w\" sizes=\"auto, (max-width: 456px) 100vw, 456px\" \/><\/div>\n\t\t<\/figure>\n\t<\/div>\n\n\t<div class=\"wpb_text_column wpb_content_element\" >\n\t\t<div class=\"wpb_wrapper\">\n\t\t\t<p style=\"text-align: center;\"><span style=\"font-size: 14pt;\">Gostaria de divulgar o Budismo para voc\u00ea que tem interesse em conhec\u00ea-lo\u00a0<span style=\"color: #ff0000;\">atrav\u00e9s do E-mail<\/span>.<\/span><\/p>\n<p style=\"text-align: center;\"><span style=\"font-size: 14pt;\">Ao preencher o formul\u00e1rio desta p\u00e1gina com o seu endere\u00e7o de E-mail e clicar o bot\u00e3o &#8220;Se inscrever&#8221;,<br \/>\nvoc\u00ea poder\u00e1 receber diariamente o material do Budismo que explicar\u00e1 quem foi o Buda Sakyamuni.<\/span><\/p>\n<p style=\"text-align: center;\"><span style=\"font-size: 14pt; color: #ff0000;\">Basta digitar o seu endere\u00e7o de E-mail e clicar o bot\u00e3o \u201cSe inscrever\u201d.<\/span><br \/>\n<span style=\"font-size: 14pt;\">O curso \u00e9 gratuito e pode ser cancelado a qualquer momento.<\/span><\/p>\n\n\t\t<\/div>\n\t<\/div>\n<\/div><\/div><\/div><\/div>\n\n<div class=\"vc_row wpb_row vc_row-fluid\">\n\t\t<div class=\"wpb_column vc_column_container vc_col-sm-12\"><div class=\"vc_column-inner\"><div class=\"wpb_wrapper\">\t<div class=\"vc_separator wpb_content_element vc_sep_width_100 vc_sep_border_width_2 vc_sep_pos_align_center type_1  vc_separator_no_text\">\n\t\t<span class=\"vc_sep_holder vc_sep_holder_l\">\n\t\t\t<span style=\"border-color:#0c51ff;\" class=\"vc_sep_line\"><\/span>\n\t\t<\/span>\n\t\t\t\t<span class=\"vc_sep_holder vc_sep_holder_r\">\n\t\t\t<span style=\"border-color:#0c51ff;\" class=\"vc_sep_line\"><\/span>\n\t\t<\/span>\n\t<\/div>\n<\/div><\/div><\/div><\/div>\n\n<div class=\"vc_row wpb_row vc_row-fluid\">\n\t\t<div class=\"wpb_column vc_column_container vc_col-sm-12\"><div class=\"vc_column-inner\"><div class=\"wpb_wrapper\">\n\t<div class=\"wpb_text_column wpb_content_element\" >\n\t\t<div class=\"wpb_wrapper\">\n\t\t\t<div id=\"cc-m-12391201392\" class=\"j-module n j-text \">\n<p><span style=\"font-size: 14pt;\">O Budismo \u00e9 uma doutrina que soluciona as suas dificuldades.<\/span><\/p>\n<p><span style=\"font-size: 14pt;\">Os ensinamentos do Buda resultaram em mais de 7 mil sutras, justamente porque atrav\u00e9s de suas palestras Buda foi respondendo \u00e0s ang\u00fastias e aos sofrimentos de cada um.<\/span><\/p>\n<p><span style=\"font-size: 14pt;\">Com este \u201ccurso eletr\u00f4nico\u201d voc\u00ea poder\u00e1 conhecer os ensinamentos do Buda.<\/span><\/p>\n<p><span style=\"font-size: 14pt;\">Como ele respondeu \u00e0s dificuldades e conduziu as pessoas a encontrarem a solu\u00e7\u00e3o?<\/span><\/p>\n<p><span style=\"font-size: 14pt;\">Vejamos a hist\u00f3ria de uma mulher que viveu na \u00e9poca do Sakyamuni.<\/span><\/p>\n<p>&nbsp;<\/p>\n<\/div>\n<div id=\"cc-m-12391204792\" class=\"j-module n j-text \">\n<blockquote>\n<p><span style=\"font-size: 14pt;\">No tempo em que Buda Sakyamuni vivia, uma linda mulher se casou e deu \u00e0 luz um beb\u00ea perfeito. Era uma m\u00e3e dedicada, mas um dia o menino ficou doente e morreu. Num paroxismo de dor, ela apertou o corpinho de seu beb\u00ea junto ao seio e saiu pela aldeia onde vivia, perguntando se algu\u00e9m conseguiria trazer seu filho de volta \u00e0 vida. Todos os que a viram se comoveram at\u00e9 as l\u00e1grimas. Por fim, sem saber o que fazer, indicaram-lhe o lugar onde morava Sakyamuni. Ela foi imediatamente \u00e0 sua procura e implorou, em prantos, que trouxesse seu filho de volta \u00e0 vida.<\/span><\/p>\n<\/blockquote>\n<\/div>\n\n\t\t<\/div>\n\t<\/div>\n<\/div><\/div><\/div><\/div>\n\n<div class=\"vc_row wpb_row vc_row-fluid\">\n\t\t<div class=\"wpb_column vc_column_container vc_col-sm-4\"><div class=\"vc_column-inner\"><div class=\"wpb_wrapper\">\n\t<div  class=\"wpb_single_image wpb_content_element vc_align_right wpb_content_element\">\n\t\t\n\t\t<figure class=\"wpb_wrapper vc_figure\">\n\t\t\t<div class=\"vc_single_image-wrapper   vc_box_border_grey\"><img loading=\"lazy\" decoding=\"async\" width=\"296\" height=\"537\" src=\"https:\/\/templo-do-budismo-online.com\/wp-content\/uploads\/2022\/09\/\u304a\u91c8\u8fe6\u69d8\u6728\u306e\u4e0b\u3067\u5ea7\u7985-296x537.jpg\" class=\"vc_single_image-img attachment-large\" alt=\"\" title=\"\" srcset=\"https:\/\/templo-do-budismo-online.com\/wp-content\/uploads\/2022\/09\/\u304a\u91c8\u8fe6\u69d8\u6728\u306e\u4e0b\u3067\u5ea7\u7985-296x537.jpg 296w, https:\/\/templo-do-budismo-online.com\/wp-content\/uploads\/2022\/09\/\u304a\u91c8\u8fe6\u69d8\u6728\u306e\u4e0b\u3067\u5ea7\u7985-165x300.jpg 165w, https:\/\/templo-do-budismo-online.com\/wp-content\/uploads\/2022\/09\/\u304a\u91c8\u8fe6\u69d8\u6728\u306e\u4e0b\u3067\u5ea7\u7985-7x12.jpg 7w, https:\/\/templo-do-budismo-online.com\/wp-content\/uploads\/2022\/09\/\u304a\u91c8\u8fe6\u69d8\u6728\u306e\u4e0b\u3067\u5ea7\u7985.jpg 297w\" sizes=\"auto, (max-width: 296px) 100vw, 296px\" \/><\/div>\n\t\t<\/figure>\n\t<\/div>\n<\/div><\/div><\/div><div class=\"wpb_column vc_column_container vc_col-sm-8\"><div class=\"vc_column-inner\"><div class=\"wpb_wrapper\">\n\t<div class=\"wpb_text_column wpb_content_element\" >\n\t\t<div class=\"wpb_wrapper\">\n\t\t\t<p><span style=\"font-size: 14pt;\">E voc\u00ea, o que responderia \u00e0 esta mulher para solucionar o seu sofrimento?<\/span><\/p>\n<p><span style=\"font-size: 14pt;\">Digite o seu E-mail e obter\u00e1 imediatamente a orienta\u00e7\u00e3o que o Buda deu a ela.<\/span><\/p>\n<p><span style=\"font-size: 14pt;\">Conhecer o caminho percorrido pelo Buda at\u00e9 alcan\u00e7ar a ilumina\u00e7\u00e3o, ser\u00e1 com certeza uma diretriz para solucionar seus pr\u00f3prios problemas.<\/span><\/p>\n<p>&nbsp;<\/p>\n<p><span style=\"font-size: 14pt;\"><span style=\"color: #ff0000;\">Os primeiros 50 candidatos ao curso<\/span> receber\u00e3o <em><strong>o roteiro em forma de PDF<\/strong><\/em>.<\/span><\/p>\n<p><span style=\"font-size: 14pt;\">Aguardamos a sua inscri\u00e7\u00e3o.<\/span><\/p>\n\n\t\t<\/div>\n\t<\/div>\n<\/div><\/div><\/div><\/div>\n\n<div class=\"vc_row wpb_row vc_row-fluid\">\n\t\t<div class=\"wpb_column vc_column_container vc_col-sm-12\"><div class=\"vc_column-inner\"><div class=\"wpb_wrapper\">\t<div class=\"vc_separator wpb_content_element vc_sep_width_100 vc_sep_border_width_2 vc_sep_pos_align_center type_1  vc_separator_no_text\">\n\t\t<span class=\"vc_sep_holder vc_sep_holder_l\">\n\t\t\t<span style=\"border-color:#0c51ff;\" class=\"vc_sep_line\"><\/span>\n\t\t<\/span>\n\t\t\t\t<span class=\"vc_sep_holder vc_sep_holder_r\">\n\t\t\t<span style=\"border-color:#0c51ff;\" class=\"vc_sep_line\"><\/span>\n\t\t<\/span>\n\t<\/div>\n\n\t<div class=\"wpb_text_column wpb_content_element\" >\n\t\t<div class=\"wpb_wrapper\">\n\t\t\t  \n  \n  <div class=\"\n    mailpoet_form_popup_overlay\n      \"><\/div>\n  <div\n    id=\"mailpoet_form_2\"\n    class=\"\n      mailpoet_form\n      mailpoet_form_shortcode\n      mailpoet_form_position_\n      mailpoet_form_animation_\n    \"\n      >\n\n    <style type=\"text\/css\">\n     #mailpoet_form_2 .mailpoet_form {  }\n#mailpoet_form_2 form { margin-bottom: 0; }\n#mailpoet_form_2 p.mailpoet_form_paragraph { margin-bottom: 10px; }\n#mailpoet_form_2 .mailpoet_column_with_background { padding: 10px; }\n#mailpoet_form_2 .mailpoet_form_column:not(:first-child) { margin-left: 20px; }\n#mailpoet_form_2 .mailpoet_paragraph { line-height: 20px; margin-bottom: 20px; }\n#mailpoet_form_2 .mailpoet_segment_label, #mailpoet_form_2 .mailpoet_text_label, #mailpoet_form_2 .mailpoet_textarea_label, #mailpoet_form_2 .mailpoet_select_label, #mailpoet_form_2 .mailpoet_radio_label, #mailpoet_form_2 .mailpoet_checkbox_label, #mailpoet_form_2 .mailpoet_list_label, #mailpoet_form_2 .mailpoet_date_label { display: block; font-weight: normal; }\n#mailpoet_form_2 .mailpoet_text, #mailpoet_form_2 .mailpoet_textarea, #mailpoet_form_2 .mailpoet_select, #mailpoet_form_2 .mailpoet_date_month, #mailpoet_form_2 .mailpoet_date_day, #mailpoet_form_2 .mailpoet_date_year, #mailpoet_form_2 .mailpoet_date { display: block; }\n#mailpoet_form_2 .mailpoet_text, #mailpoet_form_2 .mailpoet_textarea { width: 200px; }\n#mailpoet_form_2 .mailpoet_checkbox {  }\n#mailpoet_form_2 .mailpoet_submit {  }\n#mailpoet_form_2 .mailpoet_divider {  }\n#mailpoet_form_2 .mailpoet_message {  }\n#mailpoet_form_2 .mailpoet_form_loading { width: 30px; text-align: center; line-height: normal; }\n#mailpoet_form_2 .mailpoet_form_loading > span { width: 5px; height: 5px; background-color: #5b5b5b; }#mailpoet_form_2{border-radius: 0px;text-align: left;}#mailpoet_form_2 form.mailpoet_form {padding: 25px;}#mailpoet_form_2{width: 100%;}#mailpoet_form_2 .mailpoet_message {margin: 0; padding: 0 20px;}\n        #mailpoet_form_2 .mailpoet_validate_success {color: #00d084}\n        #mailpoet_form_2 input.parsley-success {color: #00d084}\n        #mailpoet_form_2 select.parsley-success {color: #00d084}\n        #mailpoet_form_2 textarea.parsley-success {color: #00d084}\n      \n        #mailpoet_form_2 .mailpoet_validate_error {color: #cf2e2e}\n        #mailpoet_form_2 input.parsley-error {color: #cf2e2e}\n        #mailpoet_form_2 select.parsley-error {color: #cf2e2e}\n        #mailpoet_form_2 textarea.textarea.parsley-error {color: #cf2e2e}\n        #mailpoet_form_2 .parsley-errors-list {color: #cf2e2e}\n        #mailpoet_form_2 .parsley-required {color: #cf2e2e}\n        #mailpoet_form_2 .parsley-custom-error-message {color: #cf2e2e}\n      #mailpoet_form_2 .mailpoet_paragraph.last {margin-bottom: 0} @media (max-width: 500px) {#mailpoet_form_2 {background-image: none;}} @media (min-width: 500px) {#mailpoet_form_2 .last .mailpoet_paragraph:last-child {margin-bottom: 0}}  @media (max-width: 500px) {#mailpoet_form_2 .mailpoet_form_column:last-child .mailpoet_paragraph:last-child {margin-bottom: 0}} \n    <\/style>\n\n    <form\n      target=\"_self\"\n      method=\"post\"\n      action=\"https:\/\/templo-do-budismo-online.com\/wp-admin\/admin-post.php?action=mailpoet_subscription_form\"\n      class=\"mailpoet_form mailpoet_form_form mailpoet_form_shortcode\"\n      novalidate\n      data-delay=\"\"\n      data-exit-intent-enabled=\"\"\n      data-font-family=\"\"\n      data-cookie-expiration-time=\"\"\n    >\n      <input type=\"hidden\" name=\"data[form_id]\" value=\"2\" \/>\n      <input type=\"hidden\" name=\"token\" value=\"4af4e35e62\" \/>\n      <input type=\"hidden\" name=\"api_version\" value=\"v1\" \/>\n      <input type=\"hidden\" name=\"endpoint\" value=\"subscribers\" \/>\n      <input type=\"hidden\" name=\"mailpoet_method\" value=\"subscribe\" \/>\n\n      <label class=\"mailpoet_hp_email_label\" style=\"display: none !important;\">Please leave this field empty<input type=\"email\" name=\"data[email]\"\/><\/label><div class='mailpoet_form_columns_container'><div class=\"mailpoet_form_columns mailpoet_paragraph mailpoet_vertically_align_center mailpoet_stack_on_mobile\"><div class=\"mailpoet_form_column mailpoet_vertically_align_center\" style=\"flex-basis:50%;\"><h3 class=\"mailpoet-heading  mailpoet-has-font-size\" id=\"block-heading_0.05691231782049089-1595515365731\" style=\"text-align: left; color: #f9529a; font-size: 25px; line-height: 1.5\"><strong><strong>Agora voc\u00ea pode estudar o Budismo pelo E-mail!<\/strong><\/strong><\/h3>\n<p class=\"mailpoet_form_paragraph  mailpoet-has-font-size\" style=\"text-align: left; color: #000000; font-size: 20px; line-height: 1.5\">Voc\u00ea poder\u00e1 receber diariamente o material que explicar\u00e1 o que \u00e9 o Budismo.<br>O curso \u00e9 gratuito e pode ser cancelado a qualquer momento.<br>Desejo muito que voc\u00ea ou\u00e7a o Budismo e consiga a verdadeira felicidade!<\/p>\n<\/div>\n<div class=\"mailpoet_form_column mailpoet_vertically_align_center\" style=\"flex-basis:50%;\"><div class=\"mailpoet_paragraph \"><input type=\"text\" autocomplete=\"given-name\" class=\"mailpoet_text\" id=\"form_first_name_2\" name=\"data[form_field_ZmJlODhlZjUyNTEyX2ZpcnN0X25hbWU=]\" title=\"Nome\" value=\"\" style=\"width:100%;box-sizing:border-box;background-color:#f1f1f1;border-style:solid;border-radius:40px !important;border-width:0px;border-color:#313131;padding:15px;margin: 0 auto 0 0;font-family:&#039;Montserrat&#039;;font-size:16px;line-height:1.5;height:auto;\" data-automation-id=\"form_first_name\"  placeholder=\"Nome *\" aria-label=\"Nome *\" data-parsley-errors-container=\".mailpoet_error_1hvl4\" data-parsley-names='[&quot;Please specify a valid name.&quot;,&quot;Addresses in names are not permitted, please add your name instead.&quot;]' data-parsley-required=\"true\" required aria-required=\"true\" data-parsley-required-message=\"This field is required.\"\/><span class=\"mailpoet_error_1hvl4\"><\/span><\/div>\n<div class=\"mailpoet_paragraph \"><input type=\"email\" autocomplete=\"email\" class=\"mailpoet_text\" id=\"form_email_2\" name=\"data[form_field_YzJjY2Y2ODM2NjI0X2VtYWls]\" title=\"Endere\u00e7o de E-mail\" value=\"\" style=\"width:100%;box-sizing:border-box;background-color:#f1f1f1;border-style:solid;border-radius:40px !important;border-width:0px;border-color:#313131;padding:15px;margin: 0 auto 0 0;font-family:&#039;Montserrat&#039;;font-size:16px;line-height:1.5;height:auto;\" data-automation-id=\"form_email\"  placeholder=\"Endere\u00e7o de E-mail *\" aria-label=\"Endere\u00e7o de E-mail *\" data-parsley-errors-container=\".mailpoet_error_j8hho\" data-parsley-required=\"true\" required aria-required=\"true\" data-parsley-minlength=\"6\" data-parsley-maxlength=\"150\" data-parsley-type-message=\"This value should be a valid email.\" data-parsley-required-message=\"This field is required.\"\/><span class=\"mailpoet_error_j8hho\"><\/span><\/div>\n<div class=\"mailpoet_recaptcha\" data-sitekey=\"6LcoCkEiAAAAAAIpdeKga2wSH24uImgOZkTljYfl\" data-size=\"invisible\">\n      <div class=\"mailpoet_recaptcha_container\"><\/div>\n      <noscript>\n        <div>\n          <div class=\"mailpoet_recaptcha_noscript_container\">\n            <div>\n              <iframe src=\"https:\/\/www.google.com\/recaptcha\/api\/fallback?k=6LcoCkEiAAAAAAIpdeKga2wSH24uImgOZkTljYfl\" frameborder=\"0\" scrolling=\"no\">\n              <\/iframe>\n            <\/div>\n          <\/div>\n          <div class=\"mailpoet_recaptcha_noscript_input\">\n            <textarea id=\"g-recaptcha-response\" name=\"data[recaptcha]\" class=\"g-recaptcha-response\">\n            <\/textarea>\n          <\/div>\n        <\/div>\n      <\/noscript>\n      <input class=\"mailpoet_recaptcha_field\" type=\"hidden\" name=\"recaptchaWidgetId\">\n    <\/div><div class=\"mailpoet_paragraph \"><input type=\"submit\" class=\"mailpoet_submit\" value=\"Se inscrever\" data-automation-id=\"subscribe-submit-button\" data-font-family='Montserrat' style=\"width:100%;box-sizing:border-box;background-color:#0c51ff;border-style:solid;border-radius:40px !important;border-width:0px;border-color:#313131;padding:15px;margin: 0 auto 0 0;font-family:&#039;Montserrat&#039;;font-size:16px;line-height:1.5;height:auto;color:#ffffff;font-weight:bold;\" \/><span class=\"mailpoet_form_loading\"><span class=\"mailpoet_bounce1\"><\/span><span class=\"mailpoet_bounce2\"><\/span><span class=\"mailpoet_bounce3\"><\/span><\/span><\/div>\n<\/div>\n<\/div><\/div>\n\n      <div class=\"mailpoet_message\">\n        <p class=\"mailpoet_validate_success\"\n                style=\"display:none;\"\n                >\u53d7\u4fe1\u30dc\u30c3\u30af\u30b9\u304b\u8ff7\u60d1\u30e1\u30fc\u30eb\u30d5\u30a9\u30eb\u30c0\u3092\u78ba\u8a8d\u3057\u3066\u8cfc\u8aad\u624b\u7d9a\u304d\u3092\u5b8c\u4e86\u3057\u3066\u304f\u3060\u3055\u3044\u3002\n        <\/p>\n        <p class=\"mailpoet_validate_error\"\n                style=\"display:none;\"\n                >        <\/p>\n      <\/div>\n    <\/form>\n\n      <\/div>\n\n  \n\n\t\t<\/div>\n\t<\/div>\n<\/div><\/div><\/div><\/div>\n<\/div>","protected":false},"excerpt":{"rendered":"Gostaria de divulgar o Budismo para voc\u00ea que tem interesse em conhec\u00ea-lo\u00a0atrav\u00e9s do E-mail. Ao preencher o formul\u00e1rio desta p\u00e1gina com o seu endere\u00e7o de E-mail e clicar o bot\u00e3o \"Se inscrever\", voc\u00ea poder\u00e1 receber diariamente o material do Budismo que explicar\u00e1 quem foi o Buda Sakyamuni. Basta digitar o seu endere\u00e7o de E-mail e [...]","protected":false},"author":1,"featured_media":0,"parent":0,"menu_order":0,"comment_status":"closed","ping_status":"closed","template":"","meta":{"footnotes":""},"class_list":["post-1549","page","type-page","status-publish","hentry"],"_links":{"self":[{"href":"https:\/\/templo-do-budismo-online.com\/pt_br\/wp-json\/wp\/v2\/pages\/1549","targetHints":{"allow":["GET"]}}],"collection":[{"href":"https:\/\/templo-do-budismo-online.com\/pt_br\/wp-json\/wp\/v2\/pages"}],"about":[{"href":"https:\/\/templo-do-budismo-online.com\/pt_br\/wp-json\/wp\/v2\/types\/page"}],"author":[{"embeddable":true,"href":"https:\/\/templo-do-budismo-online.com\/pt_br\/wp-json\/wp\/v2\/users\/1"}],"replies":[{"embeddable":true,"href":"https:\/\/templo-do-budismo-online.com\/pt_br\/wp-json\/wp\/v2\/comments?post=1549"}],"version-history":[{"count":14,"href":"https:\/\/templo-do-budismo-online.com\/pt_br\/wp-json\/wp\/v2\/pages\/1549\/revisions"}],"predecessor-version":[{"id":1677,"href":"https:\/\/templo-do-budismo-online.com\/pt_br\/wp-json\/wp\/v2\/pages\/1549\/revisions\/1677"}],"wp:attachment":[{"href":"https:\/\/templo-do-budismo-online.com\/pt_br\/wp-json\/wp\/v2\/media?parent=1549"}],"curies":[{"name":"wp","href":"https:\/\/api.w.org\/{rel}","templated":true}]}}